{"id":13,"date":"2022-09-23T10:04:33","date_gmt":"2022-09-23T08:04:33","guid":{"rendered":"http:\/\/fundacjacmk.pl\/pmz2022\/?page_id=13"},"modified":"2022-09-24T12:02:36","modified_gmt":"2022-09-24T10:02:36","slug":"o-szkole","status":"publish","type":"page","link":"https:\/\/fundacjacmk.pl\/pmz2022\/o-szkole\/","title":{"rendered":"O Sympozjum&#8230;"},"content":{"rendered":"<p style=\"text-align: center;\"><strong>Komitet Naukowy <\/strong><br \/>\n<strong>\u201ePost\u0119py w Medycynie Zaka\u017ce\u0144 2022&#8243;<\/strong><\/p>\n<p style=\"text-align: center;\">Prof. dr hab. med. Waleria Hryniewicz &#8211; Przewodnicz\u0105ca<br \/>\nProf. dr hab. med. Katarzyna Dzier\u017canowska-Fangrat<br \/>\nProf. dr hab. med. Marek Gniadkowski<br \/>\nProf. dr hab. med. Andrzej K\u00fcbler<br \/>\nDr med. Alicja Kuch<br \/>\nProf. dr hab. Alina Olender<br \/>\nDr med. Tomasz Ozorowski<br \/>\nProf. dr hab. med. Anna Skoczy\u0144ska<br \/>\nDr med. Dorota \u017babicka<br \/>\nProf. dr hab. Maciej \u017bukowski<\/p>\n<p style=\"text-align: center;\"><strong>Komitet Organizacyjny<\/strong><br \/>\nMgr Zofia Kowalewska<br \/>\nMgr Izabela Wr\u00f3bel-Pawelczyk<br \/>\nMgr Anna Miko\u0142ajczyk<br \/>\nMgr Marlena Kiedrowska<\/p>\n<p style=\"color: #ff0000; text-align: center;\">UWAGA! Uprzejmie informujemy, \u017ce maski nie s\u0105 obowi\u0105zkowe, natomiast zach\u0119camy wszystkich do ich noszenia. W hotelu b\u0119d\u0105 wsz\u0119dzie dost\u0119pne \u015brodki<br \/>\ndezynfekuj\u0105ce.<\/p>\n<p style=\"color: #ff0000; text-align: center;\"><strong>UWAGA! Informacje dla diagnost\u00f3w chc\u0105cych uzyska\u0107 punkty edukacyjne umieszczone s\u0105 w zak\u0142adce &#8222;Punkty edukacyjne&#8221;.<\/strong><\/p>\n<p style=\"text-align: center;\"><strong>W PRZYPADKU REZYGNACJI<\/strong><\/p>\n<p style=\"text-align: center;\">O rezygnacji z Sympozjum prosimy poinformowa\u0107 mailem na adres: <span style=\"color: #0000ff;\"><a style=\"color: #0000ff;\" href=\"mailto:zkowalewska@fundacjacmk.pl\">zkowalewska@fundacjacmk.pl<\/a><\/span><\/p>\n<p>&nbsp;<\/p>\n","protected":false},"excerpt":{"rendered":"<p>Komitet Naukowy \u201ePost\u0119py w Medycynie Zaka\u017ce\u0144 2022&#8243; Prof. dr hab. med. Waleria Hryniewicz &#8211; Przewodnicz\u0105ca Prof. dr hab. med. Katarzyna Dzier\u017canowska-Fangrat Prof. dr hab. med. Marek Gniadkowski Prof. dr hab. med. Andrzej K\u00fcbler Dr med. Alicja Kuch Prof. dr hab. Alina Olender Dr med. Tomasz Ozorowski Prof. dr hab. med. Anna Skoczy\u0144ska Dr med. Dorota &hellip; <a href=\"https:\/\/fundacjacmk.pl\/pmz2022\/o-szkole\/\" class=\"more-link\">Czytaj dalej <span class=\"screen-reader-text\">O Sympozjum&#8230;<\/span><\/a><\/p>\n","protected":false},"author":1,"featured_media":0,"parent":0,"menu_order":0,"comment_status":"closed","ping_status":"closed","template":"","meta":{"footnotes":""},"class_list":["post-13","page","type-page","status-publish","hentry"],"_links":{"self":[{"href":"https:\/\/fundacjacmk.pl\/pmz2022\/wp-json\/wp\/v2\/pages\/13","targetHints":{"allow":["GET"]}}],"collection":[{"href":"https:\/\/fundacjacmk.pl\/pmz2022\/wp-json\/wp\/v2\/pages"}],"about":[{"href":"https:\/\/fundacjacmk.pl\/pmz2022\/wp-json\/wp\/v2\/types\/page"}],"author":[{"embeddable":true,"href":"https:\/\/fundacjacmk.pl\/pmz2022\/wp-json\/wp\/v2\/users\/1"}],"replies":[{"embeddable":true,"href":"https:\/\/fundacjacmk.pl\/pmz2022\/wp-json\/wp\/v2\/comments?post=13"}],"version-history":[{"count":5,"href":"https:\/\/fundacjacmk.pl\/pmz2022\/wp-json\/wp\/v2\/pages\/13\/revisions"}],"predecessor-version":[{"id":77,"href":"https:\/\/fundacjacmk.pl\/pmz2022\/wp-json\/wp\/v2\/pages\/13\/revisions\/77"}],"wp:attachment":[{"href":"https:\/\/fundacjacmk.pl\/pmz2022\/wp-json\/wp\/v2\/media?parent=13"}],"curies":[{"name":"wp","href":"https:\/\/api.w.org\/{rel}","templated":true}]}}