{"id":15,"date":"2022-09-23T10:05:29","date_gmt":"2022-09-23T08:05:29","guid":{"rendered":"http:\/\/fundacjacmk.pl\/pmz2022\/?page_id=15"},"modified":"2022-09-26T17:26:15","modified_gmt":"2022-09-26T15:26:15","slug":"oplaty","status":"publish","type":"page","link":"https:\/\/fundacjacmk.pl\/pmz2022\/oplaty\/","title":{"rendered":"Op\u0142aty"},"content":{"rendered":"<p style=\"text-align: center;\">Op\u0142ata za udzia\u0142 w PMZ 2022 wynosi 650 z\u0142 (cena zawiera 23% VAT). Uprzejmie informujemy, i\u017c o wysoko\u015bci op\u0142aty decyduje termin wp\u0142aty, a nie data rejestracji.<br \/>\nWp\u0142ata dokonana po 5 listopada wynosi 700 z\u0142 brutto.<\/p>\n<p style=\"text-align: center;\"><strong>ZWOLNIENIE Z VAT<\/strong><\/p>\n<p style=\"text-align: center;\">Jednostka mo\u017ce skorzysta\u0107 ze zwolnienia z VAT jedynie po wype\u0142nieniu, podpisaniu (podpisem elektronicznym przez osob\u0119 upowa\u017cnion\u0105) i przes\u0142aniu <a href=\"https:\/\/fundacjacmk.pl\/pmz2022\/wp-content\/uploads\/2022\/09\/PMZ2022-oswiadczenie-vat-na-szkolenia.pdf\"><span style=\"color: #0000ff;\">O\u015bwiadczenia<\/span><\/a> na adres mailowy Fundacji. W przypadku nie posiadania podpisu elektronicznego prosimy wype\u0142nione O\u015bwiadczenie zeskanowa\u0107 i wys\u0142a\u0107 mailem, a orygina\u0142 poczt\u0105 lub kurierem na adres Fundacji.<\/p>\n<p style=\"text-align: center;\">Cena obejmuje:<\/p>\n<ul>\n<li style=\"text-align: left;\">udzia\u0142 we wszystkich sesjach plenarnych i plakatowych<\/li>\n<li style=\"text-align: left;\">mo\u017cliwo\u015b\u0107 zapoznania si\u0119 z ofert\u0105 wystawc\u00f3w<\/li>\n<li style=\"text-align: left;\">bogate materia\u0142y edukacyjne<\/li>\n<li style=\"text-align: left;\">posi\u0142ki: lunche, przerwy kawowe i kolacj\u0119<\/li>\n<\/ul>\n<p style=\"text-align: center;\"><strong>OSTATECZNY TERMIN UISZCZENIA OP\u0141ATY REJESTRACYJNEJ MIJA<\/strong><br \/>\n<strong>15 LISTOPADA 2022 r.<\/strong><\/p>\n<p style=\"text-align: center;\"><strong>WP\u0141AT PROSIMY DOKONYWA\u0106 NA KONTO:<\/strong><\/p>\n<p style=\"text-align: center;\">Fundacja Centrum Mikrobiologii Klinicznej<br \/>\nul. Che\u0142mska 30\/34<br \/>\n00-725 Warszawa,<br \/>\nnr konta: 64 1240 5992 1111 0000 4772 7885<br \/>\nW tytule przelewu prosimy poda\u0107: imi\u0119, nazwisko, miasto, PMZ 2022.<\/p>\n<p style=\"text-align: center;\">UWAGA:<br \/>\nFaktury VAT b\u0119d\u0105 wystawiane\u00a0<strong>wy\u0142\u0105cznie<\/strong>\u00a0na dane osoby\/firmy, z kt\u00f3rej konta zosta\u0142 dokonany przelew (zgodnie z wyci\u0105giem bankowym).<br \/>\nFaktury na osoby prywatne b\u0119d\u0105 wystawiane tylko po przes\u0142aniu pro\u015bby na adres mailowy:\u00a0<span style=\"color: #0000ff;\"><a style=\"color: #0000ff;\" href=\"mailto:kontakt@fundacjacmk.pl\" target=\"_blank\" rel=\"noopener noreferrer\">kontakt@fundacjacmk.<wbr \/>pl<\/a><\/span><\/p>\n<p style=\"text-align: center;\"><span style=\"color: #ff0000;\">Informujemy, \u017ce WSZYSTKIE wystawione faktury b\u0119d\u0105 wysy\u0142ane WY\u0141\u0104CZNIE drog\u0105 mailow\u0105 na adresy podane w formularzu rejestracyjnym.<\/span><\/p>\n<div class=\"et_pb_column et_pb_column_1_2 et_pb_column_7 et_pb_css_mix_blend_mode_passthrough et-last-child\">\n<div class=\"et_pb_module et_pb_text et_pb_text_9 et_pb_text_align_left et_pb_bg_layout_light\">\n<div class=\"et_pb_text_inner\">\n<p style=\"text-align: center;\"><strong>Korekty (noty koryguj\u0105ce)<\/strong><\/p>\n<p style=\"text-align: center;\">W przypadku zauwa\u017cenia b\u0142\u0119d\u00f3w na fakturze prosimy o niezw\u0142oczny kontakt. Zmiany dotycz\u0105ce pozycji odbiorca\/p\u0142atnik faktury prosimy korygowa\u0107 notami wystawionymi przez odbiorc\u0119\/p\u0142atnika.<\/p>\n<\/div>\n<\/div>\n<\/div>\n","protected":false},"excerpt":{"rendered":"<p>Op\u0142ata za udzia\u0142 w PMZ 2022 wynosi 650 z\u0142 (cena zawiera 23% VAT). Uprzejmie informujemy, i\u017c o wysoko\u015bci op\u0142aty decyduje termin wp\u0142aty, a nie data rejestracji. Wp\u0142ata dokonana po 5 listopada wynosi 700 z\u0142 brutto. ZWOLNIENIE Z VAT Jednostka mo\u017ce skorzysta\u0107 ze zwolnienia z VAT jedynie po wype\u0142nieniu, podpisaniu (podpisem elektronicznym przez osob\u0119 upowa\u017cnion\u0105) i &hellip; <a href=\"https:\/\/fundacjacmk.pl\/pmz2022\/oplaty\/\" class=\"more-link\">Czytaj dalej <span class=\"screen-reader-text\">Op\u0142aty<\/span><\/a><\/p>\n","protected":false},"author":1,"featured_media":0,"parent":0,"menu_order":0,"comment_status":"closed","ping_status":"closed","template":"","meta":{"footnotes":""},"class_list":["post-15","page","type-page","status-publish","hentry"],"_links":{"self":[{"href":"https:\/\/fundacjacmk.pl\/pmz2022\/wp-json\/wp\/v2\/pages\/15","targetHints":{"allow":["GET"]}}],"collection":[{"href":"https:\/\/fundacjacmk.pl\/pmz2022\/wp-json\/wp\/v2\/pages"}],"about":[{"href":"https:\/\/fundacjacmk.pl\/pmz2022\/wp-json\/wp\/v2\/types\/page"}],"author":[{"embeddable":true,"href":"https:\/\/fundacjacmk.pl\/pmz2022\/wp-json\/wp\/v2\/users\/1"}],"replies":[{"embeddable":true,"href":"https:\/\/fundacjacmk.pl\/pmz2022\/wp-json\/wp\/v2\/comments?post=15"}],"version-history":[{"count":10,"href":"https:\/\/fundacjacmk.pl\/pmz2022\/wp-json\/wp\/v2\/pages\/15\/revisions"}],"predecessor-version":[{"id":88,"href":"https:\/\/fundacjacmk.pl\/pmz2022\/wp-json\/wp\/v2\/pages\/15\/revisions\/88"}],"wp:attachment":[{"href":"https:\/\/fundacjacmk.pl\/pmz2022\/wp-json\/wp\/v2\/media?parent=15"}],"curies":[{"name":"wp","href":"https:\/\/api.w.org\/{rel}","templated":true}]}}