{"id":19,"date":"2022-09-23T10:07:10","date_gmt":"2022-09-23T08:07:10","guid":{"rendered":"http:\/\/fundacjacmk.pl\/pmz2022\/?page_id=19"},"modified":"2022-11-22T20:40:21","modified_gmt":"2022-11-22T19:40:21","slug":"punkty-edukacyjne","status":"publish","type":"page","link":"https:\/\/fundacjacmk.pl\/pmz2022\/punkty-edukacyjne\/","title":{"rendered":"Punkty edukacyjne"},"content":{"rendered":"<p>Szanowni Pa\u0144stwo,<\/p>\n<p>Uprzejmie informujemy, \u017ce uczestnicy otrzymaj\u0105 10 punkt\u00f3w edukacyjnych wg. Rozporz\u0105dzenia Ministerstwa Zdrowia z dnia 24 lipca 2017 r. Dz. U. poz. 1519<\/p>\n","protected":false},"excerpt":{"rendered":"<p>Szanowni Pa\u0144stwo, Uprzejmie informujemy, \u017ce uczestnicy otrzymaj\u0105 10 punkt\u00f3w edukacyjnych wg. Rozporz\u0105dzenia Ministerstwa Zdrowia z dnia 24 lipca 2017 r. Dz. U. poz. 1519<\/p>\n","protected":false},"author":1,"featured_media":0,"parent":0,"menu_order":0,"comment_status":"closed","ping_status":"closed","template":"","meta":{"footnotes":""},"class_list":["post-19","page","type-page","status-publish","hentry"],"_links":{"self":[{"href":"https:\/\/fundacjacmk.pl\/pmz2022\/wp-json\/wp\/v2\/pages\/19","targetHints":{"allow":["GET"]}}],"collection":[{"href":"https:\/\/fundacjacmk.pl\/pmz2022\/wp-json\/wp\/v2\/pages"}],"about":[{"href":"https:\/\/fundacjacmk.pl\/pmz2022\/wp-json\/wp\/v2\/types\/page"}],"author":[{"embeddable":true,"href":"https:\/\/fundacjacmk.pl\/pmz2022\/wp-json\/wp\/v2\/users\/1"}],"replies":[{"embeddable":true,"href":"https:\/\/fundacjacmk.pl\/pmz2022\/wp-json\/wp\/v2\/comments?post=19"}],"version-history":[{"count":3,"href":"https:\/\/fundacjacmk.pl\/pmz2022\/wp-json\/wp\/v2\/pages\/19\/revisions"}],"predecessor-version":[{"id":103,"href":"https:\/\/fundacjacmk.pl\/pmz2022\/wp-json\/wp\/v2\/pages\/19\/revisions\/103"}],"wp:attachment":[{"href":"https:\/\/fundacjacmk.pl\/pmz2022\/wp-json\/wp\/v2\/media?parent=19"}],"curies":[{"name":"wp","href":"https:\/\/api.w.org\/{rel}","templated":true}]}}