{"id":23,"date":"2022-09-23T10:08:52","date_gmt":"2022-09-23T08:08:52","guid":{"rendered":"http:\/\/fundacjacmk.pl\/pmz2022\/?page_id=23"},"modified":"2022-09-26T12:46:51","modified_gmt":"2022-09-26T10:46:51","slug":"warunki-uczestnictwa-dla-firm","status":"publish","type":"page","link":"https:\/\/fundacjacmk.pl\/pmz2022\/warunki-uczestnictwa-dla-firm\/","title":{"rendered":"Warunki uczestnictwa dla firm"},"content":{"rendered":"<p>Op\u0142ata rejestracyjna dla firm wynosi 5 000 z\u0142 netto za udzia\u0142 jednej<br \/>\nosoby.<\/p>\n<p>Organizator Sympozjum w ramach op\u0142aty gwarantuje:<\/p>\n<ul>\n<li>udzia\u0142 we wszystkich sesjach<\/li>\n<li>otrzymanie wszystkich materia\u0142\u00f3w szkoleniowych<\/li>\n<li>mo\u017cliwo\u015b\u0107 dystrybucji druk\u00f3w informacyjnych<\/li>\n<li>zamieszczenie logo firmy w materia\u0142ach sympozjalnych<\/li>\n<li>posi\u0142ki: przerwy kawowe, lunche i kolacja<\/li>\n<\/ul>\n<p>Organizacja stoiska firmowego wymaga dodatkowych ustale\u0144 i negocjacji cenowych. Firma rezerwuje hotel we w\u0142asnym zakresie.<\/p>\n","protected":false},"excerpt":{"rendered":"<p>Op\u0142ata rejestracyjna dla firm wynosi 5 000 z\u0142 netto za udzia\u0142 jednej osoby. Organizator Sympozjum w ramach op\u0142aty gwarantuje: udzia\u0142 we wszystkich sesjach otrzymanie wszystkich materia\u0142\u00f3w szkoleniowych mo\u017cliwo\u015b\u0107 dystrybucji druk\u00f3w informacyjnych zamieszczenie logo firmy w materia\u0142ach sympozjalnych posi\u0142ki: przerwy kawowe, lunche i kolacja Organizacja stoiska firmowego wymaga dodatkowych ustale\u0144 i negocjacji cenowych. Firma rezerwuje hotel &hellip; <a href=\"https:\/\/fundacjacmk.pl\/pmz2022\/warunki-uczestnictwa-dla-firm\/\" class=\"more-link\">Czytaj dalej <span class=\"screen-reader-text\">Warunki uczestnictwa dla firm<\/span><\/a><\/p>\n","protected":false},"author":1,"featured_media":0,"parent":0,"menu_order":0,"comment_status":"closed","ping_status":"closed","template":"","meta":{"footnotes":""},"class_list":["post-23","page","type-page","status-publish","hentry"],"_links":{"self":[{"href":"https:\/\/fundacjacmk.pl\/pmz2022\/wp-json\/wp\/v2\/pages\/23","targetHints":{"allow":["GET"]}}],"collection":[{"href":"https:\/\/fundacjacmk.pl\/pmz2022\/wp-json\/wp\/v2\/pages"}],"about":[{"href":"https:\/\/fundacjacmk.pl\/pmz2022\/wp-json\/wp\/v2\/types\/page"}],"author":[{"embeddable":true,"href":"https:\/\/fundacjacmk.pl\/pmz2022\/wp-json\/wp\/v2\/users\/1"}],"replies":[{"embeddable":true,"href":"https:\/\/fundacjacmk.pl\/pmz2022\/wp-json\/wp\/v2\/comments?post=23"}],"version-history":[{"count":3,"href":"https:\/\/fundacjacmk.pl\/pmz2022\/wp-json\/wp\/v2\/pages\/23\/revisions"}],"predecessor-version":[{"id":86,"href":"https:\/\/fundacjacmk.pl\/pmz2022\/wp-json\/wp\/v2\/pages\/23\/revisions\/86"}],"wp:attachment":[{"href":"https:\/\/fundacjacmk.pl\/pmz2022\/wp-json\/wp\/v2\/media?parent=23"}],"curies":[{"name":"wp","href":"https:\/\/api.w.org\/{rel}","templated":true}]}}