{"id":25,"date":"2022-09-23T10:09:19","date_gmt":"2022-09-23T08:09:19","guid":{"rendered":"http:\/\/fundacjacmk.pl\/pmz2022\/?page_id=25"},"modified":"2022-11-08T14:40:38","modified_gmt":"2022-11-08T13:40:38","slug":"zakwaterowanie","status":"publish","type":"page","link":"https:\/\/fundacjacmk.pl\/pmz2022\/zakwaterowanie\/","title":{"rendered":"Zakwaterowanie"},"content":{"rendered":"<p style=\"text-align: center;\"><strong>REZERWACJA POKOI<\/strong><br \/>\nUczestnicy PMZ maj\u0105 wynegocjowan\u0105 specjaln\u0105 zni\u017ck\u0119 na zakwaterowanie w Hotelu Marriott.<br \/>\nCeny <strong>netto<\/strong> (plus 8% VAT) pokoi ze \u015bniadaniem za 1 dob\u0119:<br \/>\n<del>400 z\u0142 1-osobowy; 440 z\u0142 2-osobowy<\/del><br \/>\nOd 8.11.2022, godz.15.00 ceny pokoi ulegaj\u0105 zmianie i wynosz\u0105 bez VAT (8%):<br \/>\n510 z\u0142 1-osobowy; 560 z\u0142 2-osobowy<br \/>\n<strong>P\u0142atno\u015b\u0107 za pokoje bezpo\u015brednio w Hotelu Mariott<\/strong><br \/>\nLiczba pokoi OGRANICZONA!<br \/>\nRezerwacja pokoi najp\u00f3\u017aniej do 20 listopada 2022 r.<br \/>\n<strong>W kwestii rezerwacji prosimy o kontakt mailowy z p.Zofi\u0105 Kowalewsk\u0105<\/strong> (<span style=\"color: #0000ff;\"><a style=\"color: #0000ff;\" href=\"mailto:zkowalewska@fundacjacmk.pl\">zkowalewska@fundacjacmk.pl<\/a><\/span>)<\/p>\n","protected":false},"excerpt":{"rendered":"<p>REZERWACJA POKOI Uczestnicy PMZ maj\u0105 wynegocjowan\u0105 specjaln\u0105 zni\u017ck\u0119 na zakwaterowanie w Hotelu Marriott. Ceny netto (plus 8% VAT) pokoi ze \u015bniadaniem za 1 dob\u0119: 400 z\u0142 1-osobowy; 440 z\u0142 2-osobowy Od 8.11.2022, godz.15.00 ceny pokoi ulegaj\u0105 zmianie i wynosz\u0105 bez VAT (8%): 510 z\u0142 1-osobowy; 560 z\u0142 2-osobowy P\u0142atno\u015b\u0107 za pokoje bezpo\u015brednio w Hotelu Mariott &hellip; <a href=\"https:\/\/fundacjacmk.pl\/pmz2022\/zakwaterowanie\/\" class=\"more-link\">Czytaj dalej <span class=\"screen-reader-text\">Zakwaterowanie<\/span><\/a><\/p>\n","protected":false},"author":1,"featured_media":0,"parent":0,"menu_order":0,"comment_status":"closed","ping_status":"closed","template":"","meta":{"footnotes":""},"class_list":["post-25","page","type-page","status-publish","hentry"],"_links":{"self":[{"href":"https:\/\/fundacjacmk.pl\/pmz2022\/wp-json\/wp\/v2\/pages\/25","targetHints":{"allow":["GET"]}}],"collection":[{"href":"https:\/\/fundacjacmk.pl\/pmz2022\/wp-json\/wp\/v2\/pages"}],"about":[{"href":"https:\/\/fundacjacmk.pl\/pmz2022\/wp-json\/wp\/v2\/types\/page"}],"author":[{"embeddable":true,"href":"https:\/\/fundacjacmk.pl\/pmz2022\/wp-json\/wp\/v2\/users\/1"}],"replies":[{"embeddable":true,"href":"https:\/\/fundacjacmk.pl\/pmz2022\/wp-json\/wp\/v2\/comments?post=25"}],"version-history":[{"count":6,"href":"https:\/\/fundacjacmk.pl\/pmz2022\/wp-json\/wp\/v2\/pages\/25\/revisions"}],"predecessor-version":[{"id":101,"href":"https:\/\/fundacjacmk.pl\/pmz2022\/wp-json\/wp\/v2\/pages\/25\/revisions\/101"}],"wp:attachment":[{"href":"https:\/\/fundacjacmk.pl\/pmz2022\/wp-json\/wp\/v2\/media?parent=25"}],"curies":[{"name":"wp","href":"https:\/\/api.w.org\/{rel}","templated":true}]}}