{"id":54,"date":"2022-09-23T11:17:51","date_gmt":"2022-09-23T09:17:51","guid":{"rendered":"http:\/\/fundacjacmk.pl\/pmz2022\/?page_id=54"},"modified":"2022-09-26T12:45:35","modified_gmt":"2022-09-26T10:45:35","slug":"sesja-plakatowa","status":"publish","type":"page","link":"https:\/\/fundacjacmk.pl\/pmz2022\/sesja-plakatowa\/","title":{"rendered":"Sesja plakatowa"},"content":{"rendered":"<p>Sesja plakatowa XXV Sympozjum \u201ePost\u0119py w Medycynie Zaka\u017ce\u0144\u201d odb\u0119dzie si\u0119 02 grudnia, w godzinach 14:00 \u2013 15:00.<\/p>\n<p>Sesji przewodniczy\u0107 b\u0119d\u0105 prof. dr hab. Gajane Martirosian, prof. dr hab. Alina Olender i dr n.farm. \u0141ukasz Ho\u0144do<\/p>\n<p>Prosimy o przesy\u0142anie streszcze\u0144 plakat\u00f3w (streszczenie w programie Microsoft Word, Times New Roman 12, obj\u0119to\u015b\u0107 streszczenia nie powinna przekracza\u0107 jednej strony formatu A-4, 1800 znak\u00f3w) na adres mailowy: <span style=\"color: #0000ff;\"><a style=\"color: #0000ff;\" href=\"mailto:streszczenia_pmz2022@fundacjacmk.pl\">streszczenia_pmz2022@fundacjacmk.pl<\/a><\/span> i zaznaczenie gwiazdk\u0105 osoby prezentuj\u0105cej plakat. O zakwalifikowaniu plakatu do sesji poinformujemy drog\u0105 mailow\u0105. Warunkiem zakwalifikowania plakatu jest zarejestrowanie si\u0119 osoby prezentuj\u0105cej plakat. Streszczenie plakatu musi by\u0107 nades\u0142ane do dnia 20 listopada 2022 r.<\/p>\n<p>Wymiary plakatu: 90 cm (szeroko\u015b\u0107) x 190cm (wysoko\u015b\u0107) &#8211; orientacja pionowa<\/p>\n","protected":false},"excerpt":{"rendered":"<p>Sesja plakatowa XXV Sympozjum \u201ePost\u0119py w Medycynie Zaka\u017ce\u0144\u201d odb\u0119dzie si\u0119 02 grudnia, w godzinach 14:00 \u2013 15:00. Sesji przewodniczy\u0107 b\u0119d\u0105 prof. dr hab. Gajane Martirosian, prof. dr hab. Alina Olender i dr n.farm. \u0141ukasz Ho\u0144do Prosimy o przesy\u0142anie streszcze\u0144 plakat\u00f3w (streszczenie w programie Microsoft Word, Times New Roman 12, obj\u0119to\u015b\u0107 streszczenia nie powinna przekracza\u0107 jednej &hellip; <a href=\"https:\/\/fundacjacmk.pl\/pmz2022\/sesja-plakatowa\/\" class=\"more-link\">Czytaj dalej <span class=\"screen-reader-text\">Sesja plakatowa<\/span><\/a><\/p>\n","protected":false},"author":1,"featured_media":0,"parent":0,"menu_order":0,"comment_status":"closed","ping_status":"closed","template":"","meta":{"footnotes":""},"class_list":["post-54","page","type-page","status-publish","hentry"],"_links":{"self":[{"href":"https:\/\/fundacjacmk.pl\/pmz2022\/wp-json\/wp\/v2\/pages\/54","targetHints":{"allow":["GET"]}}],"collection":[{"href":"https:\/\/fundacjacmk.pl\/pmz2022\/wp-json\/wp\/v2\/pages"}],"about":[{"href":"https:\/\/fundacjacmk.pl\/pmz2022\/wp-json\/wp\/v2\/types\/page"}],"author":[{"embeddable":true,"href":"https:\/\/fundacjacmk.pl\/pmz2022\/wp-json\/wp\/v2\/users\/1"}],"replies":[{"embeddable":true,"href":"https:\/\/fundacjacmk.pl\/pmz2022\/wp-json\/wp\/v2\/comments?post=54"}],"version-history":[{"count":5,"href":"https:\/\/fundacjacmk.pl\/pmz2022\/wp-json\/wp\/v2\/pages\/54\/revisions"}],"predecessor-version":[{"id":84,"href":"https:\/\/fundacjacmk.pl\/pmz2022\/wp-json\/wp\/v2\/pages\/54\/revisions\/84"}],"wp:attachment":[{"href":"https:\/\/fundacjacmk.pl\/pmz2022\/wp-json\/wp\/v2\/media?parent=54"}],"curies":[{"name":"wp","href":"https:\/\/api.w.org\/{rel}","templated":true}]}}