{"id":9,"date":"2022-09-23T09:55:46","date_gmt":"2022-09-23T07:55:46","guid":{"rendered":"http:\/\/fundacjacmk.pl\/pmz2022\/?page_id=9"},"modified":"2022-12-09T11:20:18","modified_gmt":"2022-12-09T10:20:18","slug":"materialy-edukacyjne","status":"publish","type":"page","link":"https:\/\/fundacjacmk.pl\/pmz2022\/materialy-edukacyjne\/","title":{"rendered":"Materia\u0142y edukacyjne"},"content":{"rendered":"<h3 style=\"text-align: center;\">SESJA PLAKATOWA<\/h3>\n<p><strong>I. Czynniki etiologiczne zaka\u017ce\u0144: epidemiologia i chorobotw\u00f3rczo\u015b\u0107<\/strong><br \/>\n<span style=\"color: #0000ff;\"><a style=\"color: #0000ff;\" href=\"https:\/\/fundacjacmk.pl\/pmz2022\/wp-content\/uploads\/2022\/12\/I.1_Podsiadly_E.pdf\"><span style=\"font-size: 10pt;\">1. Charakterystyka epidemiologiczna szczep\u00f3w enterokrwotocznych <em>Escherichia coli<\/em> wywo\u0142ujacych zaka\u017cenia w polskiej populacji<\/span><\/a><\/span><br \/>\n<span style=\"font-size: 8pt;\">D. Wierzbicka(1), J. Krzyszto\u0144-Russjan(1), K. St\u0119pie\u0144(2), E. Podsiad\u0142y(1,2)<\/span><br \/>\n<span style=\"font-size: 8pt;\">(1)Laboratorium Mikrobiologii Uniwersyteckiego Centrum Medycyny Laboratoryjnej UCK WUM, (2)Zak\u0142ad Mikrobiologii Farmaceutycznej i Bioanalizy, Wydzia\u0142 Farmacji, WUM<\/span><br \/>\n<a href=\"https:\/\/fundacjacmk.pl\/pmz2022\/wp-content\/uploads\/2022\/12\/I.2_Guzek_KREW_plakat_v3.pdf\"><span style=\"font-size: 10pt; color: #0000ff;\">2. Zaka\u017cenia krwi w Klinicznym Oddziale Intensywnej Terapii Wojskowego Instytutu Medycznego w Warszawie: jednoo\u015brodkowa, retrospektywna analiza mikrobiologiczna w latach 2007-2019<\/span><\/a><br \/>\n<span style=\"font-size: 8pt;\">A. Guzek(1), A. Wo\u017aniak-Kosek(2), Z. Rybicki(3), D. Tomaszewski(4)<\/span><br \/>\n<span style=\"font-size: 8pt;\">(1) Pracownia Mikrobiologii, (2) Zak\u0142ad Diagnostyki Laboratoryjnej, (3) Klinika Anestezjologii i Intensywnej Terapii Wojskowy Instytut Medyczny; (4) Klinika Anestezjologii i Intensywnej Terapii Wojskowy Instytut Medycyny Lotniczej, Warszawa<\/span><br \/>\n<a href=\"https:\/\/fundacjacmk.pl\/pmz2022\/wp-content\/uploads\/2022\/12\/I.3_Chcochlinksa_Streszczenie.pdf\"><span style=\"font-size: 10pt; color: #0000ff;\">3. Odcewnikowe zaka\u017cenia krwi u pacjent\u00f3w Narodowego Instytutu Onkologii (NIO) w Gliwicach, w latach 2019-2021<\/span><\/a><br \/>\n<span style=\"font-size: 8pt;\">N. Chochli\u0144ska, K. Bojarska, A. Garleja, A. Bzowska, A. Vogel, J. Mrochem-Kwarciak<\/span><br \/>\n<span style=\"font-size: 8pt;\">Zak\u0142ad Analityki i Biochemii Klinicznej, Narodowy Instytut Onkologii im. Marii Sk\u0142odowskiej-Curie Pa\u0144stwowy Instytut Badawczy Oddzia\u0142 w Gliwicach<\/span><br \/>\n<a href=\"https:\/\/fundacjacmk.pl\/pmz2022\/wp-content\/uploads\/2022\/12\/I.4_Abstrakt_N.meningitidis_KB.pdf\"><span style=\"font-size: 10pt; color: #0000ff;\">4. Inwazyjna choroba meningokokowa (IChM) w Polsce w roku 2021<\/span><\/a><br \/>\n<span style=\"font-size: 8pt;\">K. mk.pl\/pmz2022\/wp-content\/uploads\/2022B\u0142aszczyk, I. Wr\u00f3bel-Pawelczyk, A. Go\u0142\u0119biewska, P. Ronkiewicz, M. Kiedrowska, A. Kuch, W. Hryniewicz, A. Skoczy\u0144ska<\/span><br \/>\n<span style=\"font-size: 8pt;\">Krajowy O\u015brodek Referencyjny KOROUN; Zak\u0142ad Epidemiologii i Mikrobiologii Klinicznej, NIL, Warszawa<\/span><br \/>\n<a href=\"https:\/\/fundacjacmk.pl\/pmz2022\/wp-content\/uploads\/2022\/12\/I.5_Abstrakt_S.pneumoniae_KB.pdf\"><span style=\"font-size: 10pt; color: #0000ff;\">5. Inwazyjna choroba pneumokokowa (IChP) w Polsce w roku 2021<\/span><\/a><br \/>\n<span style=\"font-size: 8pt;\">K. B\u0142aszczyk, I. Wr\u00f3bel-Pawelczyk, A. Go\u0142\u0119biewska, P. Ronkiewicz, M. Kiedrowska, A. Kuch, W. Hryniewicz, A. Skoczy\u0144ska<\/span><br \/>\n<span style=\"font-size: 8pt;\">Krajowy O\u015brodek Referencyjny KOROUN); Zak\u0142ad Epidemiologii i Mikrobiologii Klinicznej, NIL, Warszawa<\/span><br \/>\n<a href=\"https:\/\/fundacjacmk.pl\/pmz2022\/wp-content\/uploads\/2022\/12\/I.6_Guzek_streszczenie_plakatu_C.difficile_2022.pdf\"><span style=\"font-size: 10pt; color: #0000ff;\">6. <em>Clostridioides difficile<\/em> u pacjent\u00f3w hospitalizowanych w Wojskowym Instytucie Medycznym &#8211; PIB w Warszawie &#8211; analiza retrospektywna<\/span><\/a><br \/>\n<span style=\"font-size: 8pt;\">A. Wo\u017aniak-Kosek, A. Guzek, T. Zy\u015bk<\/span><br \/>\n<span style=\"font-size: 8pt;\">Zak\u0142ad Diagnostyki Laboratoryjnej CSK MON WIM-PIB; WARSZAWA<\/span><br \/>\n<a href=\"https:\/\/fundacjacmk.pl\/pmz2022\/wp-content\/uploads\/2022\/12\/I.7_Streszczenie-Nadia_Chochlinska.pdf\"><span style=\"font-size: 10pt; color: #0000ff;\">7. Analiza odcewnikowych zaka\u017ce\u0144 krwi u pacjent\u00f3w chorych na nowotwory z\u0142o\u015bliwe<\/span><\/a><br \/>\n<span style=\"font-size: 8pt;\">N. Chochli\u0144ska, K. Bojarska, A. Garleja, A. Bzowska, A. Vogel, K. Pietrzak, J. Mrochem-Kwarciak<\/span><br \/>\n<span style=\"font-size: 8pt;\">Zak\u0142ad Analityki i Biochemii Klinicznej, Narodowy Instytut Onkologii im. Marii Sk\u0142odowskiej-Curie &#8211; PIB, Oddzia\u0142 w Gliwicach<\/span><br \/>\n<a href=\"https:\/\/fundacjacmk.pl\/pmz2022\/wp-content\/uploads\/2022\/12\/I.8_Grzybica_powierzchowna_o_nietypowej_lokalizacji.pdf\"><span style=\"font-size: 10pt; color: #0000ff;\">8. Grzybica powierzchowna o nietypowej lokalizacji &#8211; opis przypadku<\/span><\/a><br \/>\n<span style=\"font-size: 8pt;\">V. Petroniec, K. Kantorska, B. Garczewska, M. Maliszewska, E. Augustynowicz-Kope\u0107, M. Mazur<\/span><br \/>\n<span style=\"font-size: 8pt;\">Zak\u0142ad Mikrobiologii Pracownia Mikologii; Instytut Gru\u017alicy i Chor\u00f3b P\u0142uc, Warszawa<\/span><br \/>\n<a href=\"https:\/\/fundacjacmk.pl\/pmz2022\/wp-content\/uploads\/2022\/12\/I.9_RIzdebski_EnterobacterVIM.pdf\"><span style=\"font-size: 10pt; color: #0000ff;\">9. Epidemiologia genomiczna wytwarzaj\u0105cych karbapenemazy MBL typu VIM izolat\u00f3w <em>Enterobacter spp.<\/em> w Polsce, 2006-2019<\/span><\/a><br \/>\n<span style=\"font-size: 8pt;\">R. Izdebski(1), M. Biedrzycka(1), P. Urbanowicz(1), D. \u017babicka(2), M. Gniadkowski(1)<\/span><br \/>\n<span style=\"font-size: 8pt;\">(1)Zak\u0142ad Mikrobiologii Molekularnej, (2)Zak\u0142ad Epidemiologii i Mikrobiologii Klinicznej, NIL, Warszawa<\/span><br \/>\n<a href=\"https:\/\/fundacjacmk.pl\/pmz2022\/wp-content\/uploads\/2022\/12\/I.10_RIzdebski_KpneumoniaeVIM.pdf\"><span style=\"font-size: 10pt; color: #0000ff;\">10. Analiza genomiczna izolat\u00f3w <em>Klebsiella pneumoniae complex<\/em> wytwarzaj\u0105cych karbapenemazy MBL typu VIM w Polsce w latach 2006-2019<\/span><\/a><br \/>\n<span style=\"font-size: 8pt;\">R. Izdebski(1), M. Biedrzycka(1), P. Urbanowicz(1), D. \u017babicka(2), M. Gniadkowski(1)<\/span><br \/>\n<span style=\"font-size: 8pt;\">(1) Zak\u0142ad Mikrobiologii Molekularnej, (2)Zak\u0142ad Epidemiologii i Mikrobiologii Klinicznej, NIL, Warszawa<\/span><br \/>\n<a href=\"https:\/\/fundacjacmk.pl\/pmz2022\/wp-content\/uploads\/2022\/12\/I.11_Mapa_epidemiologiczna_2022.pdf\"><span style=\"font-size: 10pt; color: #0000ff;\">11. COVID-19 \u2013 czy zmieni\u0142 map\u0119 epidemiologiczn\u0105 zaka\u017ce\u0144 bakteryjnych oddzia\u0142\u00f3w szpitalnych w Instytucie Gru\u017alicy i Chor\u00f3b P\u0142uc?<\/span><\/a><br \/>\n<span style=\"font-size: 8pt;\">V. Petroniec, J. Nowak, A. Iwa\u0144ska, E. Augustynowicz-Kope\u0107<\/span><br \/>\n<span style=\"font-size: 8pt;\">Zak\u0142ad Mikrobiologii, Instytut Gru\u017alicy i Chor\u00f3b P\u0142uc, Warszawa<\/span><br \/>\n<a href=\"https:\/\/fundacjacmk.pl\/pmz2022\/wp-content\/uploads\/2022\/12\/I.12_MYCOBACTERIUM_BOVIS_BCG.pdf\"><span style=\"font-size: 10pt; color: #0000ff;\">12. <em>Mycobacterium bovis<\/em> BCG\u2013 rzadki czynnik etiologiczny zapalenia p\u0142uc u doros\u0142ych<\/span><\/a><br \/>\n<span style=\"font-size: 8pt;\">M. Klatt, A. Zabost, E. Augustynowicz-Kope\u0107<\/span><br \/>\n<span style=\"font-size: 8pt;\">Zak\u0142ad Mikrobiologii, Instytut Gru\u017alicy i Chor\u00f3b P\u0142uc, Warszawa<\/span><\/p>\n<p><strong>II. Lekowra\u017cliwo\u015b\u0107 drobnoustroj\u00f3w<\/strong><br \/>\n<a href=\"https:\/\/fundacjacmk.pl\/pmz2022\/wp-content\/uploads\/2022\/12\/II.1_abstrakt_Bielec.pdf\"><span style=\"font-size: 10pt; color: #0000ff;\">1. Por\u00f3wnanie strategii obliczania skumulowanej wra\u017cliwo\u015bci drobnoustroj\u00f3w dla cel\u00f3w opracowania i aktualizacji szpitalnych zasad terapii empirycznej<\/span><\/a><br \/>\n<span style=\"font-size: 8pt;\">F. Bielec(1,2), M. Brauncajs(1,2), M. Wenecka(1), B. Zarzycka(1,2), D. Pastuszak-Lewandoska(1)<\/span><br \/>\n<span style=\"font-size: 8pt;\">(1)Zak\u0142ad Mikrobiologii i Laboratoryjnej Immunologii Medycznej, (2)Medyczne Laboratorium Mikrobiologiczne, Centralny Szpital Kliniczny, UM w \u0141odzi<\/span><br \/>\n<a href=\"https:\/\/fundacjacmk.pl\/pmz2022\/wp-content\/uploads\/2022\/12\/II.2_Adriana_Garleja.pdf\"><span style=\"font-size: 10pt; color: #0000ff;\">2. Analiza lekowra\u017cliwo\u015bci szczep\u00f3w <em>Pseudomonas aeruginosa<\/em>, odpowiedzialnych za zaka\u017cenia ran, u pacjent\u00f3w chorych na nowotwory regionu g\u0142owy i szyi<\/span><\/a><br \/>\n<span style=\"font-size: 8pt;\">A. Garleja(1), K. Bojarska(1), A. Vogel(1), N. Chochli\u0144ska(1), A. Bzowska(1), K. Pietrzak(1), K. Sk\u0142adowski(2), A. Wygoda(2), J. Mrochem \u2013 Kwarciak(1)<\/span><br \/>\n<span style=\"font-size: 8pt;\">(1)Zak\u0142ad Analityki i Biochemii Klinicznej, (2)I Klinika Radioterapii i Chemioterapii, Narodowy Instytut Onkologii im. MSC \u2013 PIB, Oddzia\u0142 w Gliwicach<\/span><br \/>\n<a href=\"https:\/\/fundacjacmk.pl\/pmz2022\/wp-content\/uploads\/2022\/12\/II.3_Katarzyna_Bojarska.pdf\"><span style=\"font-size: 10pt; color: #0000ff;\">3. Skuteczno\u015b\u0107 in vitro \u201enowych antybiotyk\u00f3w\u201d wobec szczep\u00f3w <em>Klebsiella pneumoniae<\/em>, wytwarzaj\u0105cych mbl-ndm i oxa-48, wyhodowanych u pacjent\u00f3w chorych na nawotwory z\u0142o\u015bliwe.<\/span><\/a><br \/>\n<span style=\"font-size: 8pt;\">K. Bojarska(1), A. Vogel(1), A. Garleja(1), N. Chochli\u0144ska(1), A. Bzowska(1), K. Pietrzak(1), A. Maciejewski(2), \u0141. Krakowczyk(2), J. Mrochem \u2013 Kwarciak(1)<\/span><br \/>\n<span style=\"font-size: 8pt;\">(1)Zak\u0142ad Analityki i Biochemii Klinicznej, (2)Klinika Chirurgii Onkologicznej i Rekonstrukcyjnej; Narodowy Instytut Onkologii im. MSC \u2013 PIB, Oddzia\u0142 Gliwice<\/span><br \/>\n<a href=\"https:\/\/fundacjacmk.pl\/pmz2022\/wp-content\/uploads\/2022\/12\/II.4_A.Magrys_et_al-plakat_Warszawa.pdf\"><span style=\"font-size: 10pt; color: #0000ff;\">4. Ocena w\u0142a\u015bciwo\u015bci przeciwbakteryjnych stomatologicznych cement\u00f3w glassjonomerowych modyfikowanych ceramicznymi mikrocz\u0105steczkami<\/span><\/a><br \/>\n<span style=\"font-size: 8pt;\">A. Magry\u015b(1), M. \u0141\u0119picka(2), M. Rodziewicz(2), M. Ptasiewicz(3), R. Cha\u0142as(3), K. Kurzyd\u0142owski(2)<\/span><br \/>\n<span style=\"font-size: 8pt;\">(1)Katedra i Zak\u0142ad Mikrobiologii Lekarskiej, Uniwersytet Medyczny w Lublinie; (2)Politechnika Bia\u0142ostocka, Wydzia\u0142 Mechaniczny, Instytut In\u017cynierii Mechanicznej, Katedra In\u017cynierii Materia\u0142owej i Produkcji; (3)Katedra i Zak\u0142ad Medycyny Jamy Ustnej, Uniwersytet Medyczny w Lublinie<\/span><br \/>\n<a href=\"https:\/\/fundacjacmk.pl\/pmz2022\/wp-content\/uploads\/2022\/12\/II.5_Enterococcus_faecium_ost.pdf\"><span style=\"font-size: 10pt; color: #0000ff;\">5. Analiza epidemiologiczna i lekowra\u017cliwo\u015b\u0107 <em>Enterococcus faecium<\/em> VanA<\/span><\/a><br \/>\n<span style=\"font-size: 10pt; color: #0000ff;\">izolowanych z krwi w 2022 roku w Polsce<\/span><br \/>\n<span style=\"font-size: 8pt;\">W. Wygoda, A. Polak, E. Literacka, M. Grzegorczyk, K. Malinowska, M. Herda, D. \u017babicka<\/span><br \/>\n<span style=\"font-size: 8pt;\">Krajowy O\u015brodek Referencyjny KORLD, Zak\u0142ad Epidemiologii i Mikrobiologii Klinicznej, NIL, Warszawa<\/span><br \/>\n<a href=\"https:\/\/fundacjacmk.pl\/pmz2022\/wp-content\/uploads\/2022\/12\/II.6_EARS-Net_2021.pdf\"><span style=\"font-size: 10pt; color: #0000ff;\">6. Lekowra\u017cliwo\u015b\u0107 izolat\u00f3w z krwi w Polsce w 2021r. &#8211; dane sieci EARS-Net<\/span><\/a><br \/>\n<span style=\"font-size: 8pt;\">D. \u017babicka, W. Wygoda. J. Bysiek, uczestnicy Sieci EARS-NET, W. Hryniewicz<\/span><br \/>\n<span style=\"font-size: 8pt;\">Krajowy O\u015brodek Referencyjny KORLD, Zak\u0142ad Epidemiologii i Mikrobiologii Klinicznej, NIL, Warszawa<\/span><\/p>\n<p><strong>III. Post\u0119py w diagnostyce i terapii zaka\u017ce\u0144<\/strong><br \/>\n<a href=\"https:\/\/fundacjacmk.pl\/pmz2022\/wp-content\/uploads\/2022\/12\/III.1_Podsiadly_E.pdf\"><span style=\"font-size: 10pt; color: #0000ff;\">1. Analiza wynik\u00f3w bada\u0144 mikrobiologicznych zastosowanych do wykrywania zaka\u017ce\u0144 <em>Helicobacter pylori<\/em> u dzieci z zaburzeniami przewodu pokarmowego<\/span><\/a><br \/>\n<span style=\"font-size: 8pt;\">M. R\u00f3g (1), J. Krzyszto\u0144-Russjan (1), E. Podsiad\u0142y (1,2)<\/span><br \/>\n<span style=\"font-size: 8pt;\">(1)Laboratorium Mikrobiologii Uniwersyteckiego Centrum Medycyny Laboratoryjnej UCK WUM, (2)Zak\u0142ad Mikrobiologii Farmaceutycznej i Bioanalizy, Wydzia\u0142 Farmacji, WUM<\/span><br \/>\n<a href=\"https:\/\/fundacjacmk.pl\/pmz2022\/wp-content\/uploads\/2022\/12\/III.2_Bloczki-zakazenia2022.pdf\"><span style=\"font-size: 10pt; color: #0000ff;\">2. Molekularna diagnostyka preparat\u00f3w histopatologicznych w rozpoznaniu gru\u017alicy<\/span><\/a><br \/>\n<span style=\"font-size: 8pt;\">A. Zabost, S. Brzezi\u0144ska, E. Augustynowicz-Kope\u0107<\/span><br \/>\n<span style=\"font-size: 8pt;\">Zak\u0142ad Mikrobiologii Krajowe Referencyjne Laboratorium Pr\u0105tka, Instytut Gru\u017alicy i Chor\u00f3b P\u0142uc, Warszawa<\/span><br \/>\n<a href=\"https:\/\/fundacjacmk.pl\/pmz2022\/wp-content\/uploads\/2022\/12\/III.3_abstrakt_Maja_Wisniewska.pdf\"><span style=\"font-size: 10pt; color: #0000ff;\">3. Wp\u0142yw szybkich test\u00f3w PCR na prowadzenie racjonalnej antybiotykoterapii w infekcjach uk\u0142adu oddechowego u dzieci<\/span><\/a><br \/>\n<span style=\"font-size: 8pt;\">A. Hermann, K. Nasta\u0142y, M. Wi\u015bniewska<\/span><br \/>\n<span style=\"font-size: 8pt;\">Szpital Specjalistyczny im. F. Ceynowy w Wejherowie; Szpitale Pomorskie Sp. z o. o.<\/span><br \/>\n<a href=\"https:\/\/fundacjacmk.pl\/pmz2022\/wp-content\/uploads\/2022\/12\/III.4_Kania_Klesiewicz_Swiatek_Wojcik_abstrakt.pdf\"><span style=\"font-size: 10pt; color: #0000ff;\">4. Molekularna identyfikacja szczep\u00f3w w obr\u0119bie kompleksu <em>Mycobacterium abscessus<\/em> oraz oznaczenie oporno\u015bci na makrolidy i aminoglikozydy<\/span><\/a><br \/>\n<span style=\"font-size: 8pt;\">K. Kania(1,2), K. Klesiewicz (2), E. \u015awi\u0105tek (1), K. W\u00f3jcik (1)<\/span><br \/>\n<span style=\"font-size: 8pt;\">(1)Ma\u0142opolskie Centralne Laboratorium Diagnostyki Pr\u0105tka Gru\u017alicy przy Szpitalu Specjalistycznym im. JP II; (2)Zak\u0142ad Mikrobiologii Farmaceutycznej, Wydzia\u0142 Farmaceutyczny, UJ Collegium Medicum; Krak\u00f3w<\/span><br \/>\n<a href=\"https:\/\/fundacjacmk.pl\/pmz2022\/wp-content\/uploads\/2022\/12\/III.5_NTM-zakazenia2022.pdf\"><span style=\"font-size: 10pt; color: #0000ff;\">5. Chorzy z przewlek\u0142ymi chorobami p\u0142uc \u2013 rozpoznanie mykobakterioza czy kolonizacja?<\/span><\/a><br \/>\n<span style=\"font-size: 8pt;\">A. Zabost(1), D. Filipczak(1), M. Szturmowicz(2), E. Augustynowicz-Kope\u0107(1)<\/span><br \/>\n<span style=\"font-size: 8pt;\">(1) Zak\u0142ad Mikrobiologii, Krajowe Referencyjne Laboratorium Pr\u0105tka, (2) I Klinika Chor\u00f3b P\u0142uc; Instytut Gru\u017alicy i Chor\u00f3b P\u0142uc, Warszawa<\/span><br \/>\n<a href=\"https:\/\/fundacjacmk.pl\/pmz2022\/wp-content\/uploads\/2022\/12\/III.6_Porownanie_metody_konwencjonalnej_z_multiplex_PCR_w_diagnostyce_zakazen_krwi.pdf\"><span style=\"font-size: 10pt; color: #0000ff;\">6. Por\u00f3wnanie metody konwencjonalnej z multiplex PCR w diagnostyce zaka\u017ce\u0144 krwi u pacjent\u00f3w chorych na nowotwory z\u0142o\u015bliwe.<\/span><\/a><br \/>\n<span style=\"font-size: 8pt;\">A. Bzowska, A. Garleja, N. Chochli\u0144ska, K. Bojarska, A. Vogel, K. Pietrzak, J. Mrochem-Kwarciak<\/span><br \/>\n<span style=\"font-size: 8pt;\">Zak\u0142ad Analityki i Biochemii Klinicznej, Narodowy Instytut Onkologii im. MSC \u2013 PIB; Oddzia\u0142 Gliwice<\/span><br \/>\n<a href=\"https:\/\/fundacjacmk.pl\/pmz2022\/wp-content\/uploads\/2022\/12\/III.7_PwMZ2022_abstrakt_M.Wawrzyniak.pdf\"><span style=\"font-size: 10pt; color: #0000ff;\">7. Fenotypowa oraz genetyczna analiza wybranych szczep\u00f3w z gatunku <em>S. aureus<\/em><\/span><\/a><br \/>\n<span style=\"font-size: 8pt;\">M. Wawrzyniak(1), M. Laskowska-Zientara(2), K. Rak(2), J. Bia\u0142ecka(1,2), M. Tusi\u0144ski(3), P. Nowak(1)<\/span><br \/>\n<span style=\"font-size: 8pt;\">(1)Zak\u0142ad Mikrobiologii Farmaceutycznej, UJ Collegium Medicum; (2)Centrum Bada\u0144 Mikrobiologicznych i Autoszczepionek im. dr Jana Bobra, Krak\u00f3w; (3)Centrum Medyczne CELERIS, Krak\u00f3w<\/span><br \/>\n<a href=\"https:\/\/fundacjacmk.pl\/pmz2022\/wp-content\/uploads\/2022\/12\/III.8_Zakazenia_2022_Garczewska.pdf\"><span style=\"font-size: 10pt; color: #0000ff;\">8. P\u0142uco farmera i p\u0142uco hodowc\u00f3w ptak\u00f3w \u2013 analiza wynik\u00f3w odczyn\u00f3w serologicznych u chorych z podejrzeniem AZPP leczonych w IGiChP w latach 2010-2021<\/span><\/a><br \/>\n<span style=\"font-size: 8pt;\">V. Petroniec, B. Garczewska, K. Kantorska, M. Maliszewska, E. Augustynowicz-Kope\u0107<\/span><br \/>\n<span style=\"font-size: 8pt;\">Zak\u0142ad Mikrobiologii, Pracownia Mikologii, Instytut Gru\u017alicy i Chor\u00f3b P\u0142uc, Warszawa<\/span><br \/>\n<a href=\"https:\/\/fundacjacmk.pl\/pmz2022\/wp-content\/uploads\/2022\/12\/III.9_Zakazenia_krew_lekoopornosc.pdf\"><span style=\"font-size: 10pt; color: #0000ff;\">9. Zaka\u017cenia krwi wywo\u0142ane pa\u0142eczkami Gram ujemnymi w korelacji z analiz\u0105 wska\u017anik\u00f3w stanu zapalnego (CRP, PCT) u chorych hospitalizowanych w latach 2019-2021 na Oddziale Anestezjologii i Intensywnej Terapii IGiChP.<\/span><\/a><br \/>\n<span style=\"font-size: 8pt;\">V. Petroniec, J. Nowak, J. Pa\u0142uba, A. Iwa\u0144ska, E. Augustynowicz-Kope\u0107<\/span><br \/>\n<span style=\"font-size: 8pt;\">Zak\u0142ad Mikrobiologii, Instytut Gru\u017alicy i Chor\u00f3b P\u0142uc, Warszawa<\/span><\/p>\n","protected":false},"excerpt":{"rendered":"<p>SESJA PLAKATOWA I. Czynniki etiologiczne zaka\u017ce\u0144: epidemiologia i chorobotw\u00f3rczo\u015b\u0107 1. Charakterystyka epidemiologiczna szczep\u00f3w enterokrwotocznych Escherichia coli wywo\u0142ujacych zaka\u017cenia w polskiej populacji D. Wierzbicka(1), J. Krzyszto\u0144-Russjan(1), K. St\u0119pie\u0144(2), E. Podsiad\u0142y(1,2) (1)Laboratorium Mikrobiologii Uniwersyteckiego Centrum Medycyny Laboratoryjnej UCK WUM, (2)Zak\u0142ad Mikrobiologii Farmaceutycznej i Bioanalizy, Wydzia\u0142 Farmacji, WUM 2. Zaka\u017cenia krwi w Klinicznym Oddziale Intensywnej Terapii Wojskowego Instytutu &hellip; <a href=\"https:\/\/fundacjacmk.pl\/pmz2022\/materialy-edukacyjne\/\" class=\"more-link\">Czytaj dalej <span class=\"screen-reader-text\">Materia\u0142y edukacyjne<\/span><\/a><\/p>\n","protected":false},"author":1,"featured_media":0,"parent":0,"menu_order":0,"comment_status":"closed","ping_status":"closed","template":"","meta":{"footnotes":""},"class_list":["post-9","page","type-page","status-publish","hentry"],"_links":{"self":[{"href":"https:\/\/fundacjacmk.pl\/pmz2022\/wp-json\/wp\/v2\/pages\/9","targetHints":{"allow":["GET"]}}],"collection":[{"href":"https:\/\/fundacjacmk.pl\/pmz2022\/wp-json\/wp\/v2\/pages"}],"about":[{"href":"https:\/\/fundacjacmk.pl\/pmz2022\/wp-json\/wp\/v2\/types\/page"}],"author":[{"embeddable":true,"href":"https:\/\/fundacjacmk.pl\/pmz2022\/wp-json\/wp\/v2\/users\/1"}],"replies":[{"embeddable":true,"href":"https:\/\/fundacjacmk.pl\/pmz2022\/wp-json\/wp\/v2\/comments?post=9"}],"version-history":[{"count":8,"href":"https:\/\/fundacjacmk.pl\/pmz2022\/wp-json\/wp\/v2\/pages\/9\/revisions"}],"predecessor-version":[{"id":149,"href":"https:\/\/fundacjacmk.pl\/pmz2022\/wp-json\/wp\/v2\/pages\/9\/revisions\/149"}],"wp:attachment":[{"href":"https:\/\/fundacjacmk.pl\/pmz2022\/wp-json\/wp\/v2\/media?parent=9"}],"curies":[{"name":"wp","href":"https:\/\/api.w.org\/{rel}","templated":true}]}}