{"id":10,"date":"2023-09-14T19:05:09","date_gmt":"2023-09-14T17:05:09","guid":{"rendered":"http:\/\/fundacjacmk.pl\/pmz2023\/?page_id=10"},"modified":"2023-09-14T19:27:23","modified_gmt":"2023-09-14T17:27:23","slug":"miejsce-spotkania","status":"publish","type":"page","link":"https:\/\/fundacjacmk.pl\/pmz2023\/miejsce-spotkania\/","title":{"rendered":"Miejsce spotkania"},"content":{"rendered":"<p style=\"text-align: center;\">Hotel Marriott<br \/>\nAl. Jerozolimskie 65\/79<br \/>\n00-679 Warszawa<\/p>\n<p style=\"text-align: center;\">Szczeg\u00f3\u0142y dotycz\u0105ce rezerwacji pokoi w zak\u0142adce &#8220;Zakwaterowanie&#8221;<\/p>\n","protected":false},"excerpt":{"rendered":"<p>Hotel Marriott Al. Jerozolimskie 65\/79 00-679 Warszawa Szczeg\u00f3\u0142y dotycz\u0105ce rezerwacji pokoi w zak\u0142adce &#8220;Zakwaterowanie&#8221;<\/p>\n","protected":false},"author":1,"featured_media":0,"parent":0,"menu_order":0,"comment_status":"closed","ping_status":"closed","template":"","meta":{"footnotes":""},"class_list":["post-10","page","type-page","status-publish","hentry"],"_links":{"self":[{"href":"https:\/\/fundacjacmk.pl\/pmz2023\/wp-json\/wp\/v2\/pages\/10","targetHints":{"allow":["GET"]}}],"collection":[{"href":"https:\/\/fundacjacmk.pl\/pmz2023\/wp-json\/wp\/v2\/pages"}],"about":[{"href":"https:\/\/fundacjacmk.pl\/pmz2023\/wp-json\/wp\/v2\/types\/page"}],"author":[{"embeddable":true,"href":"https:\/\/fundacjacmk.pl\/pmz2023\/wp-json\/wp\/v2\/users\/1"}],"replies":[{"embeddable":true,"href":"https:\/\/fundacjacmk.pl\/pmz2023\/wp-json\/wp\/v2\/comments?post=10"}],"version-history":[{"count":3,"href":"https:\/\/fundacjacmk.pl\/pmz2023\/wp-json\/wp\/v2\/pages\/10\/revisions"}],"predecessor-version":[{"id":58,"href":"https:\/\/fundacjacmk.pl\/pmz2023\/wp-json\/wp\/v2\/pages\/10\/revisions\/58"}],"wp:attachment":[{"href":"https:\/\/fundacjacmk.pl\/pmz2023\/wp-json\/wp\/v2\/media?parent=10"}],"curies":[{"name":"wp","href":"https:\/\/api.w.org\/{rel}","templated":true}]}}