{"id":12,"date":"2023-09-14T19:06:39","date_gmt":"2023-09-14T17:06:39","guid":{"rendered":"http:\/\/fundacjacmk.pl\/pmz2023\/?page_id=12"},"modified":"2023-12-11T21:53:22","modified_gmt":"2023-12-11T20:53:22","slug":"materialy-edukacyjne","status":"publish","type":"page","link":"https:\/\/fundacjacmk.pl\/pmz2023\/materialy-edukacyjne\/","title":{"rendered":"Materia\u0142y edukacyjne"},"content":{"rendered":"<h3 style=\"text-align: center;\"><span style=\"font-size: 18pt;\"><strong>SESJA PLAKATOWA<\/strong><\/span><\/h3>\n<p><strong>I. Czynniki etiologiczne zaka\u017ce\u0144: epidemiologia i chorobotw\u00f3rczo\u015b\u0107<\/strong><br \/>\n<a href=\"https:\/\/fundacjacmk.pl\/pmz2023\/wp-content\/uploads\/2023\/11\/I.1_Iwanska_Abstrakt.pdf\"><span style=\"font-size: 10pt; color: #0000ff;\">1. Analiza pokrewie\u0144stwa genetycznego oraz ocena fenotypowa szczep\u00f3w <em>Pseudomonas aeruginosa<\/em> izolowanych od chorych na mukowiscydoz\u0119 leczonych w Instytucie Gru\u017alicy i Chor\u00f3b P\u0142uc<\/span><\/a><br \/>\n<span style=\"font-size: 8pt;\">Iwa\u0144ska Agnieszka* (1), Trafny El\u017cbieta Anna (2), Czopowicz Micha\u0142 (3), Augustynowicz-Kope\u0107 Ewa (1)<\/span><br \/>\n<span style=\"font-size: 8pt;\">(1) Zak\u0142ad Mikrobiologii, Instytut Gru\u017alicy i Chor\u00f3b P\u0142uc, Warszawa<\/span><br \/>\n<span style=\"font-size: 8pt;\">(2) Instytut Optoelektroniki, Wojskowa Akademia Techniczna im. Jaros\u0142awa D\u0105browskiego, Warszawa<\/span><br \/>\n<span style=\"font-size: 8pt;\">(3) Samodzielny Zak\u0142ad Epidemiologii i Ekonomiki Weterynaryjnej, Szko\u0142a G\u0142\u00f3wna Gospodarstwa Wiejskiego, Warszawa<\/span><\/p>\n<p><a href=\"https:\/\/fundacjacmk.pl\/pmz2023\/wp-content\/uploads\/2023\/11\/I.2_Blaszczyk_Abstrakt.pdf\"><span style=\"font-size: 10pt; color: #0000ff;\">2. Dystrybucja serotyp\u00f3w oraz wra\u017cliwo\u015b\u0107 na leki przeciwdrobnoustrojowe <em>Streptococcus pneumoniae<\/em> odpowiedzialnych za zaka\u017cenia dolnych dr\u00f3g oddechowych os\u00f3b doros\u0142ych<\/span><\/a><br \/>\n<span style=\"font-size: 8pt;\">Kinga B\u0142aszczyk*, Izabela Wr\u00f3bel-Pawelczyk, Agnieszka Go\u0142\u0119biewska, Patrycja Ronkiewicz, Marlena Kiedrowska, Alicja Kuch, Anna Skoczy\u0144ska<\/span><br \/>\n<span style=\"font-size: 8pt;\">Krajowy O\u015brodek Referencyjny ds. Diagnostyki Bakteryjnych Zaka\u017ce\u0144 O\u015brodkowego Uk\u0142adu Nerwowego (KOROUN), Zak\u0142ad Epidemiologii i Mikrobiologii Klinicznej, Narodowy Instytut Lek\u00f3w, Warszawa<\/span><\/p>\n<p><a href=\"https:\/\/fundacjacmk.pl\/pmz2023\/wp-content\/uploads\/2023\/11\/I.3_Garczewska_Abstrakt.pdf\"><span style=\"font-size: 10pt; color: #0000ff;\">3. Kryptokokoza uog\u00f3lniona \u2013 opis przypadku pacjentki na Oddziale Anestezjologii i Intensywnej Terapii IGiChP<\/span><\/a><br \/>\n<span style=\"font-size: 8pt;\">B. Garczewska*, V. Petroniec, J. Nowak, K. Kantorska, E. Augustynowicz-Kope\u0107<\/span><br \/>\n<span style=\"font-size: 8pt;\">Zak\u0142ad Mikrobiologii, Instytut Gru\u017alicy i Chor\u00f3b P\u0142uc w Warszawie<\/span><\/p>\n<p><a href=\"https:\/\/fundacjacmk.pl\/pmz2023\/wp-content\/uploads\/2023\/11\/I.4_Kozinska_Abstrakt.pdf\"><span style=\"font-size: 10pt; color: #0000ff;\">4. Czy uchod\u017acy wojenni z Ukrainy s\u0105 zagro\u017ceniem dla sytuacji epidemiologicznej gru\u017alicy w Polsce<\/span><\/a><br \/>\n<span style=\"font-size: 8pt;\">Monika Kozi\u0144ska, Anna Borek*, Ewa Augustynowicz-Kope\u0107<\/span><br \/>\n<span style=\"font-size: 8pt;\">Krajowe Referencyjne Laboratorium Pr\u0105tka<\/span><br \/>\n<span style=\"font-size: 8pt;\">Zak\u0142ad Mikrobiologii, Instytut Gru\u017alicy i Chor\u00f3b P\u0142uc, Warszawa<\/span><\/p>\n<p><a href=\"https:\/\/fundacjacmk.pl\/pmz2023\/wp-content\/uploads\/2023\/11\/I.5_Vogel_Abstrakt.pdf\"><span style=\"font-size: 10pt; color: #0000ff;\">5. Wt\u00f3rny zesp\u00f3\u0142 hemofagocytowy (sHLH) w przebiegu infekcji wirusem Epsteina-Baar \u2013 opis przypadku<\/span><\/a><br \/>\n<span style=\"font-size: 8pt;\">Agnieszka Vogel(1), Katarzyna Bojarska*(1), Anita Bzowska(1), Adriana Garleja(1), Nadia Chochli\u0144ska(1), Katarzyna Dulik(2), Jolanta Mrochem \u2013 Kwarciak(1)<\/span><br \/>\n<span style=\"font-size: 8pt;\">(1) Zak\u0142ad Analityki i Biochemii Klinicznej, Narodowy Instytut Onkologii im. Marii Sk\u0142odowskiej-Curie, Pa\u0144stwowy Instytut Badawczy, Oddzia\u0142 w Gliwicach<\/span><br \/>\n<span style=\"font-size: 8pt;\">(2) Klinika Transplantacji Szpiku \u2013 Oddzia\u0142 Hematologii, Narodowy Instytut Onkologii im. Marii Sk\u0142odowskiej-Curie, Pa\u0144stwowy Instytut Badawczy, Oddzia\u0142 w Gliwicach<\/span><\/p>\n<p><a href=\"https:\/\/fundacjacmk.pl\/pmz2023\/wp-content\/uploads\/2023\/11\/I.6_Bojarska_Abstrakt.pdf\"><span style=\"font-size: 10pt; color: #0000ff;\">6. Zapalenie dolnych dr\u00f3g oddechowych jako wynik koinfekcji <em>Pneumocystis jiroveci<\/em> i <em>Legionella pneumophila<\/em> u pacjentki z guzem neuroendokrynnym<\/span><\/a><br \/>\n<span style=\"font-size: 8pt;\">Katarzyna Bojarska*(1), Agnieszka Vogel(1), Anita Bzowska(1), Adriana Garleja(1), Nadia Chochli\u0144ska(1), Magdalena Obajtek(1), Daria Handkiewicz-Junak(2), Jolanta Mrochem \u2013 Kwarciak(1)<\/span><br \/>\n<span style=\"font-size: 8pt;\">(1) Zak\u0142ad Analityki i Biochemii Klinicznej, Narodowy Instytut Onkologii im. MSC \u2013 PIB w Gliwicach<\/span><br \/>\n<span style=\"font-size: 8pt;\">(2) Zak\u0142ad Medycyny Nuklearnej i Endokrynologii Onkologicznej, Narodowy Instytut Onkologii im. MSC \u2013 PIB w Gliwicach<\/span><\/p>\n<p><strong>II. Lekowra\u017cliwo\u015b\u0107 drobnoustroj\u00f3w<\/strong><br \/>\n<a href=\"https:\/\/fundacjacmk.pl\/pmz2023\/wp-content\/uploads\/2023\/11\/II.1_Lachowicz_Abstrakt.pdf\"><span style=\"font-size: 10pt; color: #0000ff;\">1. Etiologia zaka\u017ce\u0144 wywo\u0142anych przez bakterie beztlenowe, profile lekowra\u017cliwo\u015bci<\/span><\/a><br \/>\n<span style=\"font-size: 8pt;\">D. Lachowicz*(1), A. Milner(1), G. Nurzy\u0144ska(1), D. Seliga-G\u0105sior(1), M. Kierzkowska(1), E. Podsiad\u0142y(1,2)<\/span><br \/>\n<span style=\"font-size: 8pt;\">(1) Laboratorium Mikrobiologii UCML, Uniwersyteckie Centrum Kliniczne Warszawskiego Uniwersytetu Medycznego<\/span><br \/>\n<span style=\"font-size: 8pt;\">(2) Zak\u0142ad Mikrobiologii Stomatologicznej WUM<\/span><\/p>\n<p><a href=\"https:\/\/fundacjacmk.pl\/pmz2023\/wp-content\/uploads\/2023\/11\/II.2_Bzowska_Abstrakt.pdf\"><span style=\"font-size: 10pt; color: #0000ff;\">2. Charakterystyka gatunkowa i profile lekowra\u017cliwo\u015bci grzyb\u00f3w <em>Candida spp.<\/em> izolowanych z g\u00f3rnych dr\u00f3g oddechowych od chorych na nowotwory regionu g\u0142owy i szyi<\/span><\/a><br \/>\n<span style=\"font-size: 8pt;\">Anita Bzowska(1), Katarzyna Bojarska*(1), Agnieszka Vogel(1), Adriana Garleja(1), Nadia Chochli\u0144ska(1), Magdalena Obajtek(1), Katarzyna Pietrzak(1), Andrzej Wygoda(2), Krzysztof Sk\u0142adowski(2), Jolanta Mrochem-Kwarciak(1)<\/span><br \/>\n<span style=\"font-size: 8pt;\">(1) Zak\u0142ad Analityki i Biochemii Klinicznej, Narodowy Instytut Onkologii im. MSC \u2013Pa\u0144stwowy Instytut Badawczy, Oddzia\u0142 Gliwice<\/span><br \/>\n<span style=\"font-size: 8pt;\">(2) I Klinika Radioterapii i Chemioterapii, Narodowy Instytut Onkologii im. MSC \u2013Pa\u0144stwowy Instytut Badawczy, Oddzia\u0142 Gliwice<\/span><\/p>\n<p><a href=\"https:\/\/fundacjacmk.pl\/pmz2023\/wp-content\/uploads\/2023\/11\/II.3_Zabicka_Abstrakt.pdf\"><span style=\"font-size: 10pt; color: #0000ff;\">3. Lekowra\u017cliwo\u015b\u0107 izolat\u00f3w z krwi w Polsce &#8211; dane sieci EARS-Net<\/span><\/a><br \/>\n<span style=\"font-size: 8pt;\">D. \u017babicka*, J. Bysiek, uczestnicy Sieci EARS-NET, W. Hryniewicz<\/span><br \/>\n<span style=\"font-size: 8pt;\">Zak\u0142ad Epidemiologii i Mikrobiologii Klinicznej, Krajowy O\u015brodek Referencyjny ds. Lekowra\u017cliwo\u015bci Drobnoustroj\u00f3w, Narodowy Instytut Lek\u00f3w, Warszawa<\/span><\/p>\n<p><a href=\"https:\/\/fundacjacmk.pl\/pmz2023\/wp-content\/uploads\/2023\/11\/II.4_Wardal_Abstrakt.pdf\"><span style=\"font-size: 10pt; color: #0000ff;\">4. <em>Enterococcus faecium<\/em> i <em>Enterococcus faecalis<\/em> oporne na linezolid \u2013 struktura klonalna i determinanty oporno\u015bci<\/span><\/a><br \/>\n<span style=\"font-size: 8pt;\">Ewa Wardal(1), Dorota \u017babicka(2), Ewa Sadowy(1)*<\/span><br \/>\n<span style=\"font-size: 8pt;\">(1) Zak\u0142ad Mikrobiologii Molekularnej, Narodowy Instytut Lek\u00f3w, Warszawa<\/span><br \/>\n<span style=\"font-size: 8pt;\">(2) Zak\u0142ad Epidemiologii i Mikrobiologii Klinicznej, Narodowy Instytut Lek\u00f3w, Warszawa<\/span><\/p>\n<p><a href=\"https:\/\/fundacjacmk.pl\/pmz2023\/wp-content\/uploads\/2023\/11\/II.5_Przekwas_Abstrakt.pdf\"><span style=\"font-size: 10pt; color: #0000ff;\">5. Por\u00f3wnanie wynik\u00f3w antybiotykowra\u017cliwo\u015bci szczep\u00f3w klinicznych uzyskanych za pomoc\u0105 systemu ThermoScientific\u2122 Sensititre ARIS HiQ\u2122 z metod\u0105 referencyjn\u0105 mikrorozcie\u0144cze\u0144 w bulionie<\/span><\/a><br \/>\n<span style=\"font-size: 8pt;\">Jana Przekwas(1,2), Agnieszka Mikucka*(1,2), Anna Budzy\u0144ska(1,2), Joanna Kwieci\u0144ska-Pir\u00f3g(1,2), Patrycja Zalas-Wi\u0119cek(1,2), Dagmara Depka(1,2), Marta Napi\u00f3rkowska-Mastalerz(1), Eugenia Gospodarek-Komkowska(1,2)<\/span><br \/>\n<span style=\"font-size: 8pt;\">(1) Katedra Mikrobiologii, Collegium Medicum im. Ludwika Rydygiera w Bydgoszczy Uniwersytet Miko\u0142aja Kopernika w Toruniu, ul. Marii Sk\u0142odowskiej-Curie 9, 85-094 Bydgoszcz<\/span><br \/>\n<span style=\"font-size: 8pt;\">(2) Zak\u0142ad Mikrobiologii Klinicznej, Szpital Uniwersytecki nr 1 im. dr. Antoniego Jurasza w Bydgoszczy, ul. Marii Sk\u0142odowskiej-Curie 9, 85-094 Bydgoszcz<\/span><\/p>\n<p><a href=\"https:\/\/fundacjacmk.pl\/pmz2023\/wp-content\/uploads\/2023\/11\/II.6_Rzepka_Abstrakt.pdf\"><span style=\"font-size: 10pt; color: #0000ff;\">6. Zastosowanie systemu dRASTTM (QuantaMatrix) do oznaczania antybiotykowra\u017cliwo\u015bci bakterii bezpo\u015brednio z dodatnich pr\u00f3bek krwi<\/span><\/a><br \/>\n<span style=\"font-size: 8pt;\">Mateusz Rzepka(1,2), Agnieszka Mikucka*(1,2), Tomasz Bogiel(1,2), Eugenia Gospodarek-Komkowska(1,2)<\/span><br \/>\n<span style=\"font-size: 8pt;\">(1) Katedra Mikrobiologii, Collegium Medicum im. Ludwika Rydygiera w Bydgoszczy Uniwersytet Miko\u0142aja Kopernika w Toruniu, ul. Marii Sk\u0142odowskiej-Curie 9, 85-094 Bydgoszcz<\/span><br \/>\n<span style=\"font-size: 8pt;\">(2) Zak\u0142ad Mikrobiologii Klinicznej, Szpital Uniwersytecki nr 1 im. dr. Antoniego Jurasza w Bydgoszczy, ul. Marii Sk\u0142odowskiej-Curie 9, 85-094 Bydgoszcz<\/span><\/p>\n<p><a href=\"https:\/\/fundacjacmk.pl\/pmz2023\/wp-content\/uploads\/2023\/11\/II.9_Literacka_Abstrakt.pdf\"><span style=\"font-size: 10pt; color: #0000ff;\">7. Lekowra\u017cliwo\u015b\u0107 szpitalnych izolat\u00f3w <em>Klebsiella pneumoniae<\/em> pochodz\u0105cych z og\u00f3lnopolskiej zbi\u00f3rki przeprowadzonej w ramach Narodowego Programu Zdrowia w 2021 roku<\/span><\/a><br \/>\n<span style=\"font-size: 8pt;\">E. Literacka*, M. Grzegorczyk, M. Herda, A. Polak, W. Wygoda, K. Malinowska, W. Hryniewicz<\/span><br \/>\n<span style=\"font-size: 8pt;\">Krajowy O\u015brodek Referencyjny ds. Lekowra\u017cliwo\u015bci Drobnoustroj\u00f3w (KORLD), Zak\u0142ad Epidemiologii i Mikrobiologii Klinicznej, Narodowy Instytut Lek\u00f3w, Warszawa<\/span><\/p>\n<p><strong>III. Post\u0119py w diagnostyce i terapii zaka\u017ce\u0144<\/strong><br \/>\n<a href=\"https:\/\/fundacjacmk.pl\/pmz2023\/wp-content\/uploads\/2023\/11\/III.1_Seliga-Gasior_Abstrakt.pdf\"><span style=\"font-size: 10pt; color: #0000ff;\">1. Diagnostyka grzybic powierzchniowych z wykorzystaniem techniki MALDI-TOF MS<\/span><\/a><br \/>\n<span style=\"font-size: 8pt;\">Dominika Seliga-G\u0105sior*(1), Beata Sulik-Tyszka(1,2), Dominika Lachowicz(1), Edyta Podsiad\u0142y(1,2)<\/span><br \/>\n<span style=\"font-size: 8pt;\">(1) Laboratorium Mikrobiologii UCML, Uniwersyteckie Centrum Kliniczne Warszawskiego Uniwersytetu Medycznego<\/span><br \/>\n<span style=\"font-size: 8pt;\">(2) Zak\u0142ad Mikrobiologii Stomatologicznej, Warszawski Uniwersytet Medyczny<\/span><\/p>\n<p><a href=\"https:\/\/fundacjacmk.pl\/pmz2023\/wp-content\/uploads\/2023\/11\/III.2_Brzezinska_Abstrakt.pdf\"><span style=\"font-size: 10pt; color: #0000ff;\">2. Niepo\u017c\u0105dane Odczyny Poszczepienne po BCG &#8211; identyfikacja metod\u0105 molekularn\u0105 w preparatach histopatologicznych<\/span><\/a><br \/>\n<span style=\"font-size: 8pt;\">Sylwia Brzezi\u0144ska, Agnieszka Iwa\u0144ska*, Ewa Augustynowicz-Kope\u0107<\/span><br \/>\n<span style=\"font-size: 8pt;\">Zak\u0142ad Mikrobiologii, Krajowe Referencyjne Laboratorium Pr\u0105tka, Instytut Gru\u017alicy i Chor\u00f3b P\u0142uc, Warszawa<\/span><\/p>\n<p><a href=\"https:\/\/fundacjacmk.pl\/pmz2023\/wp-content\/uploads\/2023\/11\/III.3_Iwanska_Abstrakt.pdf\"><span style=\"font-size: 10pt; color: #0000ff;\">3. Wp\u0142yw nowych terapii leczenia przyczynowego modulatorami CFTR na zaka\u017cenia bakteryjne w grupie doros\u0142ych chorych na mukowiscydoz\u0119<\/span><\/a><br \/>\n<span style=\"font-size: 8pt;\">Iwa\u0144ska Agnieszka*(1), Skorupa Wojciech(2), Augustynowicz-Kope\u0107 Ewa(1)<\/span><br \/>\n<span style=\"font-size: 8pt;\">(1) Zak\u0142ad Mikrobiologii, Instytut Gru\u017alicy i Chor\u00f3b P\u0142uc, Warszawa<\/span><br \/>\n<span style=\"font-size: 8pt;\">(2) I Klinika Chor\u00f3b P\u0142uc, Instytut Gru\u017alicy i Chor\u00f3b P\u0142uc, Warszawa<\/span><\/p>\n<p><a href=\"https:\/\/fundacjacmk.pl\/pmz2023\/wp-content\/uploads\/2023\/11\/III.4_Skibinski_Abstrakt.pdf\"><span style=\"font-size: 10pt; color: #0000ff;\">4. Zahamowanie proces\u00f3w degradacji RNA jako nowy cel molekularny w zwalczaniu lekoopornych pa\u0142eczek <em>Helicobacter Pylori<\/em><\/span><\/a><br \/>\n<span style=\"font-size: 8pt;\">Jakub Skibi\u0144ski*(1,2), Przemys\u0142aw P\u0142oci\u0144ski(2), Yaroslav Lavrynchuk(1), Magdalena Chmiela(2)<\/span><br \/>\n<span style=\"font-size: 8pt;\">(1) Uniwersytet \u0141\u00f3dzki, Wydzia\u0142 Biologii i Ochrony \u015arodowiska, Szko\u0142a Doktorska BioMedChem U\u0141 i Instytut\u00f3w PAN w \u0141odzi (ul. Stefana Banacha 12\/16; 90-237, \u0141\u00f3d\u017a)<\/span><br \/>\n<span style=\"font-size: 8pt;\">(2) Uniwersytet \u0141\u00f3dzki, Wydzia\u0142 Biologii i Ochrony \u015arodowiska, Katedra Immunologii i Biologii Infekcyjnej (ul. Stefana Banacha 12\/16; 90-237, \u0141\u00f3d\u017a)<\/span><\/p>\n<p><a href=\"https:\/\/fundacjacmk.pl\/pmz2023\/wp-content\/uploads\/2023\/11\/III.5_Gonciarza_Abstrakt.pdf\"><span style=\"font-size: 10pt; color: #0000ff;\">5. Czy suszone rozpy\u0142owo wra\u017cliwe na pH mikrocz\u0105steczki chitozanu z <em>Mycobacterium bovis<\/em> \u2013 BCG mog\u0105 by\u0107 przeznaczone do wspomagania leczenia zaka\u017cenia <em>Helicobacter pylori<\/em>?<\/span><\/a><br \/>\n<span style=\"font-size: 8pt;\">Weronika Gonciarza(1), Marek Brzezi\u0144ski(2), Weronika Or\u0142owska(1), Pawe\u0142 Wawrzyniak(3), Artur Lewandowski(3), Magdalena Chmiela(1)<\/span><br \/>\n<span style=\"font-size: 8pt;\">(1) Katedra Immunologii i Biologii Infekcyjnej, Instytut Mikrobiologii, Biotechnologii i Immunologii, Wydzia\u0142 Biologii i Ochrony \u015arodowiska, Uniwersytet \u0141\u00f3dzki, ul. Banacha 12\/16, 90-237 \u0141\u00f3d\u017a<\/span><br \/>\n<span style=\"font-size: 8pt;\">(2) Centrum Bada\u0144 Molekularnych i Makromolekularnych, Polska Akademia Nauk, Sienkiewicza 112, 90-636 \u0141\u00f3d\u017a, Polska<\/span><br \/>\n<span style=\"font-size: 8pt;\">(3) Katedra In\u017cynierii \u015arodowiska, Wydzia\u0142 In\u017cynierii Procesowej i \u015arodowiska, Politechnika \u0141\u00f3dzka, Stefana \u017beromskiego 116, 90-924, \u0141\u00f3d\u017a<\/span><\/p>\n<p><a href=\"https:\/\/fundacjacmk.pl\/pmz2023\/wp-content\/uploads\/2023\/11\/III.6_Lavrynchuk_Abstrakt.pdf\"><span style=\"font-size: 10pt; color: #0000ff;\">6. Badania nad bia\u0142kami kompleksu degradosomu RNA u <em>Mycobacterium tuberculosis<\/em> jako \u015bcie\u017cka do wynalezienia nowych lek\u00f3w przeciwgru\u017aliczych<\/span><\/a><br \/>\n<span style=\"font-size: 8pt;\">Yaroslav Lavrychuk*(1), Przemys\u0142aw P\u0142oci\u0144ski(2), Jakub Skibi\u0144ski(1), Magdalena Chmiela(2)<\/span><br \/>\n<span style=\"font-size: 8pt;\">(1) Uniwersytet \u0141\u00f3dzki, Wydzia\u0142 Biologii i Ochrony \u015arodowiska, Szko\u0142a Doktorska BioMedChem i Polskiej Akademii Nauk w \u0141odzi, ul Banacha 12\/16 90-236, \u0141\u00f3d\u017a<\/span><br \/>\n<span style=\"font-size: 8pt;\">(2) Uniwersytet \u0141\u00f3dzki, Wydzia\u0142 Biologii i Ochrony \u015arodowiska, Katedra Immunologii i Immunologii Infekcyjnej, ul Banacha 12\/16 90-236, \u0141\u00f3d\u017a<\/span><\/p>\n<p><a href=\"https:\/\/fundacjacmk.pl\/pmz2023\/wp-content\/uploads\/2023\/11\/III.7_Ziolkowski_Abstrakt.pdf\"><span style=\"font-size: 10pt; color: #0000ff;\">7. Terapia monitorowana st\u0119\u017ceniem wankomycyny u pacjent\u00f3w z bakteriemi\u0105 o etiologii <em>Staphylococcus aureus<\/em> MRSA<\/span><\/a><br \/>\n<span style=\"font-size: 8pt;\">Adam Zi\u00f3\u0142kowski*, Ewa Michnowska, Dariusz Stuglik<\/span><br \/>\n<span style=\"font-size: 8pt;\">Laboratorium mikrobiologiczne, Diagnostyka S.A., ul. Prof. M. \u017byczkowskiego 16, Krak\u00f3w<\/span><\/p>\n<p><a href=\"https:\/\/fundacjacmk.pl\/pmz2023\/wp-content\/uploads\/2023\/11\/III.8_Mikolajczyk_Abstrakt.pdf\"><span style=\"font-size: 10pt; color: #0000ff;\">8. Ocena jako\u015bci diagnostyki prowadzonej przez medyczne laboratoria diagnostyczne w Polsce na podstawie wynik\u00f3w Og\u00f3lnopolskiego Sprawdzianu Wiarygodno\u015bci Bada\u0144 Mikrobiologicznych<\/span><\/a><br \/>\n<span style=\"font-size: 8pt;\">A. Miko\u0142ajczyk*, J. Rybicka, M. Fortuna, A. Sianuskaya, W. Puzia, E. M\u0142odzi\u0144ska<\/span><br \/>\n<span style=\"font-size: 8pt;\">Centralny O\u015brodek Bada\u0144 Jako\u015bci w Diagnostyce Mikrobiologicznej, Warszawa<\/span><\/p>\n","protected":false},"excerpt":{"rendered":"<p>SESJA PLAKATOWA I. Czynniki etiologiczne zaka\u017ce\u0144: epidemiologia i chorobotw\u00f3rczo\u015b\u0107 1. Analiza pokrewie\u0144stwa genetycznego oraz ocena fenotypowa szczep\u00f3w Pseudomonas aeruginosa izolowanych od chorych na mukowiscydoz\u0119 leczonych w Instytucie Gru\u017alicy i Chor\u00f3b P\u0142uc Iwa\u0144ska Agnieszka* (1), Trafny El\u017cbieta Anna (2), Czopowicz Micha\u0142 (3), Augustynowicz-Kope\u0107 Ewa (1) (1) Zak\u0142ad Mikrobiologii, Instytut Gru\u017alicy i Chor\u00f3b P\u0142uc, Warszawa (2) Instytut &hellip; <a href=\"https:\/\/fundacjacmk.pl\/pmz2023\/materialy-edukacyjne\/\" class=\"more-link\">Czytaj dalej <span class=\"screen-reader-text\">Materia\u0142y edukacyjne<\/span><\/a><\/p>\n","protected":false},"author":1,"featured_media":0,"parent":0,"menu_order":0,"comment_status":"closed","ping_status":"closed","template":"","meta":{"footnotes":""},"class_list":["post-12","page","type-page","status-publish","hentry"],"_links":{"self":[{"href":"https:\/\/fundacjacmk.pl\/pmz2023\/wp-json\/wp\/v2\/pages\/12","targetHints":{"allow":["GET"]}}],"collection":[{"href":"https:\/\/fundacjacmk.pl\/pmz2023\/wp-json\/wp\/v2\/pages"}],"about":[{"href":"https:\/\/fundacjacmk.pl\/pmz2023\/wp-json\/wp\/v2\/types\/page"}],"author":[{"embeddable":true,"href":"https:\/\/fundacjacmk.pl\/pmz2023\/wp-json\/wp\/v2\/users\/1"}],"replies":[{"embeddable":true,"href":"https:\/\/fundacjacmk.pl\/pmz2023\/wp-json\/wp\/v2\/comments?post=12"}],"version-history":[{"count":5,"href":"https:\/\/fundacjacmk.pl\/pmz2023\/wp-json\/wp\/v2\/pages\/12\/revisions"}],"predecessor-version":[{"id":153,"href":"https:\/\/fundacjacmk.pl\/pmz2023\/wp-json\/wp\/v2\/pages\/12\/revisions\/153"}],"wp:attachment":[{"href":"https:\/\/fundacjacmk.pl\/pmz2023\/wp-json\/wp\/v2\/media?parent=12"}],"curies":[{"name":"wp","href":"https:\/\/api.w.org\/{rel}","templated":true}]}}