{"id":154,"date":"2023-12-11T22:58:07","date_gmt":"2023-12-11T21:58:07","guid":{"rendered":"https:\/\/fundacjacmk.pl\/pmz2023\/?page_id=154"},"modified":"2023-12-11T23:12:18","modified_gmt":"2023-12-11T22:12:18","slug":"streszczenia-wykladow","status":"publish","type":"page","link":"https:\/\/fundacjacmk.pl\/pmz2023\/streszczenia-wykladow\/","title":{"rendered":"Streszczenia wyk\u0142ad\u00f3w"},"content":{"rendered":"<p><span style=\"color: #0000ff;\"><a style=\"color: #0000ff;\" href=\"https:\/\/fundacjacmk.pl\/pmz2023\/wp-content\/uploads\/2023\/12\/Sesja-1-B.Adamik-Wtorne-zakazenia-bakteryjne.pdf\">Sesja 1 &#8211; B.Adamik &#8211; Wt\u00f3rne zaka\u017cenia bakteryjne<\/a><\/span><br \/>\n<span style=\"color: #0000ff;\"><a style=\"color: #0000ff;\" href=\"https:\/\/fundacjacmk.pl\/pmz2023\/wp-content\/uploads\/2023\/12\/Sesja-4-M.Lobocka-Dlaczego-bakteriofagi-mozna-wlaczyc-do-walki-z-zakazeniami.pdf\">Sesja 4 &#8211; M.\u0141obocka &#8211; Dlaczego bakteriofagi mo\u017cna w\u0142\u0105czy\u0107 do walki z\u00a0 zaka\u017ceniami<\/a><\/span><br \/>\n<span style=\"color: #0000ff;\"><a style=\"color: #0000ff;\" href=\"https:\/\/fundacjacmk.pl\/pmz2023\/wp-content\/uploads\/2023\/12\/Sesja-4-M.Wanke-Rytt-Terapia-bakteriofagami.pdf\">Sesja 4 &#8211; M.Wanke-Rytt &#8211; Terapia bakteriofagami<\/a><\/span><br \/>\n<span style=\"color: #0000ff;\"><a style=\"color: #0000ff;\" href=\"https:\/\/fundacjacmk.pl\/pmz2023\/wp-content\/uploads\/2023\/12\/Sesja-5-A.Olender-Inwazyjne-zakazenia-Candida-spp.pdf\">Sesja 5 &#8211; A.Olender &#8211; Inwazyjne zaka\u017cenia Candida spp.<\/a><\/span><br \/>\n<span style=\"color: #0000ff;\"><a style=\"color: #0000ff;\" href=\"https:\/\/fundacjacmk.pl\/pmz2023\/wp-content\/uploads\/2023\/12\/Sesja-5-B.Sulik-Tyszko-Candida-auris.pdf\">Sesja 5 &#8211; B.Sulik-Tyszko &#8211; Candida auris<\/a><\/span><br \/>\n<span style=\"color: #0000ff;\"><a style=\"color: #0000ff;\" href=\"https:\/\/fundacjacmk.pl\/pmz2023\/wp-content\/uploads\/2023\/12\/Sesja-6-J.Zajkowska-Choroby-wirusowe-Osrodkowego-Ukladu-Nerwowego.pdf\">Sesja 6 &#8211; J.Zajkowska &#8211; Choroby wirusowe O\u015brodkowego Uk\u0142adu Nerwowego<\/a><\/span><br \/>\n<span style=\"color: #0000ff;\"><a style=\"color: #0000ff;\" href=\"https:\/\/fundacjacmk.pl\/pmz2023\/wp-content\/uploads\/2023\/12\/Sesja-6-T.Dzieciatkowski-Nowe-wirusy.pdf\">Sesja 6 &#8211; T.Dzieci\u0105tkowski &#8211; Nowe wirusy<\/a><\/span><br \/>\n<span style=\"color: #0000ff;\"><a style=\"color: #0000ff;\" href=\"https:\/\/fundacjacmk.pl\/pmz2023\/wp-content\/uploads\/2023\/12\/Sesja-7-A.Harvath-Probiotyki.pdf\">Sesja 7 &#8211; A.Harvath &#8211; Probiotyki<\/a><\/span><br \/>\n<span style=\"color: #0000ff;\"><a style=\"color: #0000ff;\" href=\"https:\/\/fundacjacmk.pl\/pmz2023\/wp-content\/uploads\/2023\/12\/Sesja-7-A.Skoczynska-Serotypy-pneumokokow.pdf\">Sesja 7 &#8211; A.Skoczy\u0144ska &#8211; Serotypy pneumokok\u00f3w<\/a><\/span><br \/>\n<span style=\"color: #0000ff;\"><a style=\"color: #0000ff;\" href=\"https:\/\/fundacjacmk.pl\/pmz2023\/wp-content\/uploads\/2023\/12\/Sesja-9-D.Zabicka-Small-colony-variants.pdf\">Sesja 9 &#8211; D.\u017babicka &#8211; Small colony variants<\/a><\/span><br \/>\n<a href=\"https:\/\/fundacjacmk.pl\/pmz2023\/wp-content\/uploads\/2023\/12\/Sesja-9-T.Gosiewski-Pulapki-w-diagnostyce-molekularnej-zakazen.pdf\"><span style=\"color: #0000ff;\">Sesja 9 &#8211; T.Gosiewski &#8211; Pu\u0142apki w diagnostyce molekularnej zaka\u017ce\u0144<\/span><\/a><\/p>\n","protected":false},"excerpt":{"rendered":"<p>Sesja 1 &#8211; B.Adamik &#8211; Wt\u00f3rne zaka\u017cenia bakteryjne Sesja 4 &#8211; M.\u0141obocka &#8211; Dlaczego bakteriofagi mo\u017cna w\u0142\u0105czy\u0107 do walki z\u00a0 zaka\u017ceniami Sesja 4 &#8211; M.Wanke-Rytt &#8211; Terapia bakteriofagami Sesja 5 &#8211; A.Olender &#8211; Inwazyjne zaka\u017cenia Candida spp. Sesja 5 &#8211; B.Sulik-Tyszko &#8211; Candida auris Sesja 6 &#8211; J.Zajkowska &#8211; Choroby wirusowe O\u015brodkowego Uk\u0142adu Nerwowego Sesja &hellip; <a href=\"https:\/\/fundacjacmk.pl\/pmz2023\/streszczenia-wykladow\/\" class=\"more-link\">Czytaj dalej <span class=\"screen-reader-text\">Streszczenia wyk\u0142ad\u00f3w<\/span><\/a><\/p>\n","protected":false},"author":1,"featured_media":0,"parent":0,"menu_order":0,"comment_status":"closed","ping_status":"closed","template":"","meta":{"footnotes":""},"class_list":["post-154","page","type-page","status-publish","hentry"],"_links":{"self":[{"href":"https:\/\/fundacjacmk.pl\/pmz2023\/wp-json\/wp\/v2\/pages\/154","targetHints":{"allow":["GET"]}}],"collection":[{"href":"https:\/\/fundacjacmk.pl\/pmz2023\/wp-json\/wp\/v2\/pages"}],"about":[{"href":"https:\/\/fundacjacmk.pl\/pmz2023\/wp-json\/wp\/v2\/types\/page"}],"author":[{"embeddable":true,"href":"https:\/\/fundacjacmk.pl\/pmz2023\/wp-json\/wp\/v2\/users\/1"}],"replies":[{"embeddable":true,"href":"https:\/\/fundacjacmk.pl\/pmz2023\/wp-json\/wp\/v2\/comments?post=154"}],"version-history":[{"count":3,"href":"https:\/\/fundacjacmk.pl\/pmz2023\/wp-json\/wp\/v2\/pages\/154\/revisions"}],"predecessor-version":[{"id":171,"href":"https:\/\/fundacjacmk.pl\/pmz2023\/wp-json\/wp\/v2\/pages\/154\/revisions\/171"}],"wp:attachment":[{"href":"https:\/\/fundacjacmk.pl\/pmz2023\/wp-json\/wp\/v2\/media?parent=154"}],"curies":[{"name":"wp","href":"https:\/\/api.w.org\/{rel}","templated":true}]}}