{"id":16,"date":"2023-09-14T19:07:30","date_gmt":"2023-09-14T17:07:30","guid":{"rendered":"http:\/\/fundacjacmk.pl\/pmz2023\/?page_id=16"},"modified":"2023-11-13T19:43:56","modified_gmt":"2023-11-13T18:43:56","slug":"o-sympozjum","status":"publish","type":"page","link":"https:\/\/fundacjacmk.pl\/pmz2023\/o-sympozjum\/","title":{"rendered":"O Sympozjum&#8230;"},"content":{"rendered":"<p style=\"text-align: center;\"><span style=\"font-size: 12pt;\"><strong>Komitet Naukowy <\/strong><\/span><br \/>\n<span style=\"font-size: 12pt;\"><strong>XXVI Sympozjum \u201ePost\u0119py w Medycynie Zaka\u017ce\u0144\u2033<\/strong><\/span><\/p>\n<p style=\"text-align: center;\"><span style=\"font-size: 12pt;\">Prof. dr hab. med. Waleria Hryniewicz &#8211; Przewodnicz\u0105ca<\/span><br \/>\n<span style=\"font-size: 12pt;\">Prof. dr hab. Anna Malm &#8211; przedstawiciel KRDL<\/span><br \/>\n<span style=\"font-size: 12pt;\">Dr hab. med. Aleksander Deptu\u0142a (Bydgoszcz)<\/span><br \/>\n<span style=\"font-size: 12pt;\">Dr n. med. Ewa Duszczyk (Warszawa)<\/span><br \/>\n<span style=\"font-size: 12pt;\">Prof. dr hab. med. Katarzyna Dzier\u017canowska-Fangrat (Warszawa)<\/span><br \/>\n<span style=\"font-size: 12pt;\">Prof. dr hab. med. Marek Gniadkowski (Warszawa)<\/span><br \/>\n<span style=\"font-size: 12pt;\">Prof. dr hab. med. Andrzej Kubler (Wroc\u0142aw)<\/span><br \/>\n<span style=\"font-size: 12pt;\">Dr n.med. Alicja Kuch (Warszawa)<\/span><br \/>\n<span style=\"font-size: 12pt;\">Prof. dr hab. med. Alina Olender (Lublin)<\/span><br \/>\n<span style=\"font-size: 12pt;\">Dr n. med. Tomasz Ozorowski (Pozna\u0144)<\/span><br \/>\n<span style=\"font-size: 12pt;\">Dr hab. n. med. Maciej Przybylski (Warszawa)<\/span><br \/>\n<span style=\"font-size: 12pt;\">Prof. dr hab. Anna Skoczy\u0144ska (Warszawa)<\/span><br \/>\n<span style=\"font-size: 12pt;\">Dr n. med. Monika Wanke-Rytt (Warszawa)<\/span><br \/>\n<span style=\"font-size: 12pt;\">Dr n. med. Dorota \u017babicka (Warszawa)<\/span><\/p>\n<p style=\"text-align: center;\"><span style=\"font-size: 12pt;\"><strong>Komitet Organizacyjny<\/strong><\/span><br \/>\n<span style=\"font-size: 12pt;\">Patrycja Ronkiewicz<\/span><br \/>\n<span style=\"font-size: 12pt;\">Izabela Wr\u00f3bel<\/span><br \/>\n<span style=\"font-size: 12pt;\">Mariola Paszkowska<\/span><\/p>\n<p style=\"color: #ff0000; text-align: center;\"><span style=\"font-size: 12pt;\"><strong>UWAGA! Informacje dla diagnost\u00f3w chc\u0105cych uzyska\u0107 punkty edukacyjne umieszczone s\u0105 w zak\u0142adce &#8220;Punkty edukacyjne&#8221;.<\/strong><\/span><\/p>\n<p style=\"text-align: center;\"><span style=\"font-size: 12pt;\"><strong>W PRZYPADKU REZYGNACJI<\/strong><\/span><\/p>\n<p style=\"text-align: center;\"><span style=\"font-size: 12pt;\">O rezygnacji z Sympozjum prosimy poinformowa\u0107 mailem na adres: <span style=\"color: #0000ff;\"><a style=\"color: #0000ff;\" href=\"mailto:kontakt@fundacjacmk.pl\">kontakt@fundacjacmk.pl<\/a><\/span><\/span><\/p>\n<p>&nbsp;<\/p>\n","protected":false},"excerpt":{"rendered":"<p>Komitet Naukowy XXVI Sympozjum \u201ePost\u0119py w Medycynie Zaka\u017ce\u0144\u2033 Prof. dr hab. med. Waleria Hryniewicz &#8211; Przewodnicz\u0105ca Prof. dr hab. Anna Malm &#8211; przedstawiciel KRDL Dr hab. med. Aleksander Deptu\u0142a (Bydgoszcz) Dr n. med. Ewa Duszczyk (Warszawa) Prof. dr hab. med. Katarzyna Dzier\u017canowska-Fangrat (Warszawa) Prof. dr hab. med. Marek Gniadkowski (Warszawa) Prof. dr hab. med. Andrzej &hellip; <a href=\"https:\/\/fundacjacmk.pl\/pmz2023\/o-sympozjum\/\" class=\"more-link\">Czytaj dalej <span class=\"screen-reader-text\">O Sympozjum&#8230;<\/span><\/a><\/p>\n","protected":false},"author":1,"featured_media":0,"parent":0,"menu_order":0,"comment_status":"closed","ping_status":"closed","template":"","meta":{"footnotes":""},"class_list":["post-16","page","type-page","status-publish","hentry"],"_links":{"self":[{"href":"https:\/\/fundacjacmk.pl\/pmz2023\/wp-json\/wp\/v2\/pages\/16","targetHints":{"allow":["GET"]}}],"collection":[{"href":"https:\/\/fundacjacmk.pl\/pmz2023\/wp-json\/wp\/v2\/pages"}],"about":[{"href":"https:\/\/fundacjacmk.pl\/pmz2023\/wp-json\/wp\/v2\/types\/page"}],"author":[{"embeddable":true,"href":"https:\/\/fundacjacmk.pl\/pmz2023\/wp-json\/wp\/v2\/users\/1"}],"replies":[{"embeddable":true,"href":"https:\/\/fundacjacmk.pl\/pmz2023\/wp-json\/wp\/v2\/comments?post=16"}],"version-history":[{"count":6,"href":"https:\/\/fundacjacmk.pl\/pmz2023\/wp-json\/wp\/v2\/pages\/16\/revisions"}],"predecessor-version":[{"id":122,"href":"https:\/\/fundacjacmk.pl\/pmz2023\/wp-json\/wp\/v2\/pages\/16\/revisions\/122"}],"wp:attachment":[{"href":"https:\/\/fundacjacmk.pl\/pmz2023\/wp-json\/wp\/v2\/media?parent=16"}],"curies":[{"name":"wp","href":"https:\/\/api.w.org\/{rel}","templated":true}]}}