{"id":20,"date":"2023-09-14T19:07:55","date_gmt":"2023-09-14T17:07:55","guid":{"rendered":"http:\/\/fundacjacmk.pl\/pmz2023\/?page_id=20"},"modified":"2023-09-14T22:04:22","modified_gmt":"2023-09-14T20:04:22","slug":"program","status":"publish","type":"page","link":"https:\/\/fundacjacmk.pl\/pmz2023\/program\/","title":{"rendered":"Program"},"content":{"rendered":"<p style=\"text-align: center;\">Po najechaniu kursorem na tre\u015b\u0107 programu, na dole okienka poka\u017c\u0105 si\u0119 przyciski nawigacyjne<\/p>\n<a href=\"https:\/\/fundacjacmk.pl\/pmz2023\/wp-content\/uploads\/2023\/09\/Program-PMZ2023_v2.pdf\" class=\"pdfemb-viewer\" style=\"\" data-width=\"max\" data-height=\"max\" data-toolbar=\"bottom\" data-toolbar-fixed=\"off\">Program-PMZ2023_v2<\/a>\n<p style=\"text-align: center;\">Program do pobrania w ca\u0142o\u015bci w formie <a href=\"https:\/\/fundacjacmk.pl\/pmz2023\/wp-content\/uploads\/2023\/09\/Program-PMZ2023_v2.pdf\">pliku pdf<\/a>.<\/p>\n","protected":false},"excerpt":{"rendered":"<p>Po najechaniu kursorem na tre\u015b\u0107 programu, na dole okienka poka\u017c\u0105 si\u0119 przyciski nawigacyjne Program do pobrania w ca\u0142o\u015bci w formie pliku pdf.<\/p>\n","protected":false},"author":1,"featured_media":0,"parent":0,"menu_order":0,"comment_status":"closed","ping_status":"closed","template":"","meta":{"footnotes":""},"class_list":["post-20","page","type-page","status-publish","hentry"],"_links":{"self":[{"href":"https:\/\/fundacjacmk.pl\/pmz2023\/wp-json\/wp\/v2\/pages\/20","targetHints":{"allow":["GET"]}}],"collection":[{"href":"https:\/\/fundacjacmk.pl\/pmz2023\/wp-json\/wp\/v2\/pages"}],"about":[{"href":"https:\/\/fundacjacmk.pl\/pmz2023\/wp-json\/wp\/v2\/types\/page"}],"author":[{"embeddable":true,"href":"https:\/\/fundacjacmk.pl\/pmz2023\/wp-json\/wp\/v2\/users\/1"}],"replies":[{"embeddable":true,"href":"https:\/\/fundacjacmk.pl\/pmz2023\/wp-json\/wp\/v2\/comments?post=20"}],"version-history":[{"count":5,"href":"https:\/\/fundacjacmk.pl\/pmz2023\/wp-json\/wp\/v2\/pages\/20\/revisions"}],"predecessor-version":[{"id":83,"href":"https:\/\/fundacjacmk.pl\/pmz2023\/wp-json\/wp\/v2\/pages\/20\/revisions\/83"}],"wp:attachment":[{"href":"https:\/\/fundacjacmk.pl\/pmz2023\/wp-json\/wp\/v2\/media?parent=20"}],"curies":[{"name":"wp","href":"https:\/\/api.w.org\/{rel}","templated":true}]}}