{"id":26,"date":"2023-09-14T19:08:41","date_gmt":"2023-09-14T17:08:41","guid":{"rendered":"http:\/\/fundacjacmk.pl\/pmz2023\/?page_id=26"},"modified":"2023-10-11T17:56:13","modified_gmt":"2023-10-11T15:56:13","slug":"sesja-plakatowa","status":"publish","type":"page","link":"https:\/\/fundacjacmk.pl\/pmz2023\/sesja-plakatowa\/","title":{"rendered":"Sesja plakatowa"},"content":{"rendered":"<p><span style=\"font-size: 12pt;\">Sesja plakatowa XXVI Sympozjum \u201ePost\u0119py w Medycynie Zaka\u017ce\u0144\u201d odb\u0119dzie si\u0119 1 grudnia, w godzinach 14:15 \u2013 15:00.<\/span><\/p>\n<p><span style=\"font-size: 12pt;\">Sesji przewodniczy\u0107 b\u0119d\u0105 Prof. dr hab. Alina Olender i dr hab. Edyta Podsiad\u0142y<\/span><\/p>\n<p><span style=\"font-size: 12pt;\">Prosimy o przesy\u0142anie streszcze\u0144 plakat\u00f3w (streszczenie w programie Microsoft Word, Times New Roman 12, obj\u0119to\u015b\u0107 streszczenia nie powinna przekracza\u0107 jednej strony formatu A-4, 1800 znak\u00f3w) na adres mailowy: <span style=\"color: #0000ff;\"><a style=\"color: #0000ff;\" href=\"mailto:streszczenia_pmz2023@fundacjacmk.pl\">streszczenia_pmz2023@fundacjacmk.pl<\/a><\/span> i zaznaczenie gwiazdk\u0105 osoby prezentuj\u0105cej plakat. O zakwalifikowaniu plakatu do sesji poinformujemy drog\u0105 mailow\u0105. Warunkiem zakwalifikowania plakatu jest zarejestrowanie si\u0119 osoby prezentuj\u0105cej plakat. Streszczenie plakatu musi by\u0107 nades\u0142ane do dnia 15 listopada 2023 r.<\/span><\/p>\n<p><span style=\"font-size: 12pt;\">Wymiary plakatu: 90 cm (szeroko\u015b\u0107) x 190cm (wysoko\u015b\u0107) \u2013 orientacja pionowa<\/span><\/p>\n","protected":false},"excerpt":{"rendered":"<p>Sesja plakatowa XXVI Sympozjum \u201ePost\u0119py w Medycynie Zaka\u017ce\u0144\u201d odb\u0119dzie si\u0119 1 grudnia, w godzinach 14:15 \u2013 15:00. Sesji przewodniczy\u0107 b\u0119d\u0105 Prof. dr hab. Alina Olender i dr hab. Edyta Podsiad\u0142y Prosimy o przesy\u0142anie streszcze\u0144 plakat\u00f3w (streszczenie w programie Microsoft Word, Times New Roman 12, obj\u0119to\u015b\u0107 streszczenia nie powinna przekracza\u0107 jednej strony formatu A-4, 1800 znak\u00f3w) &hellip; <a href=\"https:\/\/fundacjacmk.pl\/pmz2023\/sesja-plakatowa\/\" class=\"more-link\">Czytaj dalej <span class=\"screen-reader-text\">Sesja plakatowa<\/span><\/a><\/p>\n","protected":false},"author":1,"featured_media":0,"parent":0,"menu_order":0,"comment_status":"closed","ping_status":"closed","template":"","meta":{"footnotes":""},"class_list":["post-26","page","type-page","status-publish","hentry"],"_links":{"self":[{"href":"https:\/\/fundacjacmk.pl\/pmz2023\/wp-json\/wp\/v2\/pages\/26","targetHints":{"allow":["GET"]}}],"collection":[{"href":"https:\/\/fundacjacmk.pl\/pmz2023\/wp-json\/wp\/v2\/pages"}],"about":[{"href":"https:\/\/fundacjacmk.pl\/pmz2023\/wp-json\/wp\/v2\/types\/page"}],"author":[{"embeddable":true,"href":"https:\/\/fundacjacmk.pl\/pmz2023\/wp-json\/wp\/v2\/users\/1"}],"replies":[{"embeddable":true,"href":"https:\/\/fundacjacmk.pl\/pmz2023\/wp-json\/wp\/v2\/comments?post=26"}],"version-history":[{"count":6,"href":"https:\/\/fundacjacmk.pl\/pmz2023\/wp-json\/wp\/v2\/pages\/26\/revisions"}],"predecessor-version":[{"id":113,"href":"https:\/\/fundacjacmk.pl\/pmz2023\/wp-json\/wp\/v2\/pages\/26\/revisions\/113"}],"wp:attachment":[{"href":"https:\/\/fundacjacmk.pl\/pmz2023\/wp-json\/wp\/v2\/media?parent=26"}],"curies":[{"name":"wp","href":"https:\/\/api.w.org\/{rel}","templated":true}]}}