{"id":28,"date":"2023-09-14T19:08:59","date_gmt":"2023-09-14T17:08:59","guid":{"rendered":"http:\/\/fundacjacmk.pl\/pmz2023\/?page_id=28"},"modified":"2023-09-19T18:17:50","modified_gmt":"2023-09-19T16:17:50","slug":"warunki-uczestnictwa-dla-firm","status":"publish","type":"page","link":"https:\/\/fundacjacmk.pl\/pmz2023\/warunki-uczestnictwa-dla-firm\/","title":{"rendered":"Warunki uczestnictwa dla firm"},"content":{"rendered":"<p><span style=\"color: #ff0000; font-size: 12pt;\">Op\u0142ata rejestracyjna dla firm wynosi 5 000 z\u0142 netto za udzia\u0142 jednego przedstawiciela.<\/span><\/p>\n<p><span style=\"font-size: 12pt;\">Organizator Sympozjum w ramach op\u0142aty gwarantuje:<\/span><\/p>\n<ul>\n<li><span style=\"font-size: 12pt;\">udzia\u0142 we wszystkich sesjach<\/span><\/li>\n<li><span style=\"font-size: 12pt;\">otrzymanie wszystkich materia\u0142\u00f3w szkoleniowych<\/span><\/li>\n<li><span style=\"font-size: 12pt;\">mo\u017cliwo\u015b\u0107 dystrybucji druk\u00f3w informacyjnych<\/span><\/li>\n<li><span style=\"font-size: 12pt;\">zamieszczenie logo firmy w materia\u0142ach sympozjalnych<\/span><\/li>\n<li><span style=\"font-size: 12pt;\">posi\u0142ki: przerwy kawowe, lunche i kolacja<\/span><\/li>\n<\/ul>\n<p><span style=\"font-size: 12pt;\">Organizacja stoiska firmowego wymaga dodatkowych ustale\u0144 i negocjacji cenowych. Firma rezerwuje hotel we w\u0142asnym zakresie.<\/span><\/p>\n","protected":false},"excerpt":{"rendered":"<p>Op\u0142ata rejestracyjna dla firm wynosi 5 000 z\u0142 netto za udzia\u0142 jednego przedstawiciela. Organizator Sympozjum w ramach op\u0142aty gwarantuje: udzia\u0142 we wszystkich sesjach otrzymanie wszystkich materia\u0142\u00f3w szkoleniowych mo\u017cliwo\u015b\u0107 dystrybucji druk\u00f3w informacyjnych zamieszczenie logo firmy w materia\u0142ach sympozjalnych posi\u0142ki: przerwy kawowe, lunche i kolacja Organizacja stoiska firmowego wymaga dodatkowych ustale\u0144 i negocjacji cenowych. Firma rezerwuje hotel &hellip; <a href=\"https:\/\/fundacjacmk.pl\/pmz2023\/warunki-uczestnictwa-dla-firm\/\" class=\"more-link\">Czytaj dalej <span class=\"screen-reader-text\">Warunki uczestnictwa dla firm<\/span><\/a><\/p>\n","protected":false},"author":1,"featured_media":0,"parent":0,"menu_order":0,"comment_status":"closed","ping_status":"closed","template":"","meta":{"footnotes":""},"class_list":["post-28","page","type-page","status-publish","hentry"],"_links":{"self":[{"href":"https:\/\/fundacjacmk.pl\/pmz2023\/wp-json\/wp\/v2\/pages\/28","targetHints":{"allow":["GET"]}}],"collection":[{"href":"https:\/\/fundacjacmk.pl\/pmz2023\/wp-json\/wp\/v2\/pages"}],"about":[{"href":"https:\/\/fundacjacmk.pl\/pmz2023\/wp-json\/wp\/v2\/types\/page"}],"author":[{"embeddable":true,"href":"https:\/\/fundacjacmk.pl\/pmz2023\/wp-json\/wp\/v2\/users\/1"}],"replies":[{"embeddable":true,"href":"https:\/\/fundacjacmk.pl\/pmz2023\/wp-json\/wp\/v2\/comments?post=28"}],"version-history":[{"count":5,"href":"https:\/\/fundacjacmk.pl\/pmz2023\/wp-json\/wp\/v2\/pages\/28\/revisions"}],"predecessor-version":[{"id":104,"href":"https:\/\/fundacjacmk.pl\/pmz2023\/wp-json\/wp\/v2\/pages\/28\/revisions\/104"}],"wp:attachment":[{"href":"https:\/\/fundacjacmk.pl\/pmz2023\/wp-json\/wp\/v2\/media?parent=28"}],"curies":[{"name":"wp","href":"https:\/\/api.w.org\/{rel}","templated":true}]}}