{"id":30,"date":"2023-09-14T19:09:17","date_gmt":"2023-09-14T17:09:17","guid":{"rendered":"http:\/\/fundacjacmk.pl\/pmz2023\/?page_id=30"},"modified":"2023-11-13T20:23:48","modified_gmt":"2023-11-13T19:23:48","slug":"zakwaterowanie","status":"publish","type":"page","link":"https:\/\/fundacjacmk.pl\/pmz2023\/zakwaterowanie\/","title":{"rendered":"Zakwaterowanie"},"content":{"rendered":"<p style=\"text-align: center;\"><strong>REZERWACJA POKOI<\/strong><\/p>\n<p style=\"text-align: center;\"><span style=\"font-size: 12pt;\">Uczestnicy PMZ maj\u0105 wynegocjowan\u0105 specjaln\u0105 zni\u017ck\u0119 na zakwaterowanie <\/span><span style=\"font-size: 12pt;\">w Hotelu Marriott.<br \/>\n<\/span><span style=\"font-size: 12pt;\"><strong>Ceny netto (plus 8% VAT) pokoi ze \u015bniadaniem za 1 dob\u0119:<br \/>\n<\/strong><\/span><span style=\"font-size: 12pt;\">pok\u00f3j 1- osobowy 460,00 z\u0142. + VAT<\/span><br \/>\n<span style=\"font-size: 12pt;\">pok\u00f3j 2- osobowy 520,00 z\u0142. + VAT<\/span><br \/>\n<span style=\"font-size: 12pt;\"><span style=\"color: #000000; font-size: 18pt;\"><strong>Liczba dost\u0119pnych pokoi w w\/w cenach zosta\u0142a WYCZERPANA!<\/strong><\/span><\/span><\/p>\n<p style=\"text-align: center;\"><span style=\"font-size: 12pt;\"><strong>P\u0142atno\u015b\u0107 za pokoje bezpo\u015brednio w Hotelu Mariott<\/strong><\/span><\/p>\n<p style=\"text-align: center;\"><span style=\"color: #ff0000;\">Do <strong>20 listopada<\/strong> istnieje mo\u017cliwo\u015b\u0107 samodzielnej rezerwacji pokoju w zwi\u0119kszonej ni\u017c na pocz\u0105tku cenie, ale nadal atrakcyjnej w stosunku do regularnej oferty Hotelu:<br \/>\npok\u00f3j 1- osobowy 530,00 z\u0142. + VAT<br \/>\npok\u00f3j 2- osobowy 600,00 z\u0142. + VAT<br \/>\n<\/span><\/p>\n<p style=\"text-align: center;\"><strong><a href=\"https:\/\/www.marriott.com\/events\/start.mi?id=1699530931946&amp;key=GRP\"><span style=\"color: #0000ff;\">Link do samodzielnej rezerwacji pokoju w Hotelu Marriott<\/span><\/a><\/strong><\/p>\n","protected":false},"excerpt":{"rendered":"<p>REZERWACJA POKOI Uczestnicy PMZ maj\u0105 wynegocjowan\u0105 specjaln\u0105 zni\u017ck\u0119 na zakwaterowanie w Hotelu Marriott. Ceny netto (plus 8% VAT) pokoi ze \u015bniadaniem za 1 dob\u0119: pok\u00f3j 1- osobowy 460,00 z\u0142. + VAT pok\u00f3j 2- osobowy 520,00 z\u0142. + VAT Liczba dost\u0119pnych pokoi w w\/w cenach zosta\u0142a WYCZERPANA! P\u0142atno\u015b\u0107 za pokoje bezpo\u015brednio w Hotelu Mariott Do 20 &hellip; <a href=\"https:\/\/fundacjacmk.pl\/pmz2023\/zakwaterowanie\/\" class=\"more-link\">Czytaj dalej <span class=\"screen-reader-text\">Zakwaterowanie<\/span><\/a><\/p>\n","protected":false},"author":1,"featured_media":0,"parent":0,"menu_order":0,"comment_status":"closed","ping_status":"closed","template":"","meta":{"footnotes":""},"class_list":["post-30","page","type-page","status-publish","hentry"],"_links":{"self":[{"href":"https:\/\/fundacjacmk.pl\/pmz2023\/wp-json\/wp\/v2\/pages\/30","targetHints":{"allow":["GET"]}}],"collection":[{"href":"https:\/\/fundacjacmk.pl\/pmz2023\/wp-json\/wp\/v2\/pages"}],"about":[{"href":"https:\/\/fundacjacmk.pl\/pmz2023\/wp-json\/wp\/v2\/types\/page"}],"author":[{"embeddable":true,"href":"https:\/\/fundacjacmk.pl\/pmz2023\/wp-json\/wp\/v2\/users\/1"}],"replies":[{"embeddable":true,"href":"https:\/\/fundacjacmk.pl\/pmz2023\/wp-json\/wp\/v2\/comments?post=30"}],"version-history":[{"count":9,"href":"https:\/\/fundacjacmk.pl\/pmz2023\/wp-json\/wp\/v2\/pages\/30\/revisions"}],"predecessor-version":[{"id":124,"href":"https:\/\/fundacjacmk.pl\/pmz2023\/wp-json\/wp\/v2\/pages\/30\/revisions\/124"}],"wp:attachment":[{"href":"https:\/\/fundacjacmk.pl\/pmz2023\/wp-json\/wp\/v2\/media?parent=30"}],"curies":[{"name":"wp","href":"https:\/\/api.w.org\/{rel}","templated":true}]}}