{"id":32,"date":"2023-09-14T19:09:34","date_gmt":"2023-09-14T17:09:34","guid":{"rendered":"http:\/\/fundacjacmk.pl\/pmz2023\/?page_id=32"},"modified":"2023-09-19T18:18:10","modified_gmt":"2023-09-19T16:18:10","slug":"zaproszenie","status":"publish","type":"page","link":"https:\/\/fundacjacmk.pl\/pmz2023\/","title":{"rendered":"Zaproszenie"},"content":{"rendered":"<figure id=\"attachment_172\" aria-describedby=\"caption-attachment-172\" style=\"width: 208px\" class=\"wp-caption alignleft\"><img loading=\"lazy\" decoding=\"async\" class=\"wp-image-172 size-medium\" src=\"https:\/\/fundacjacmk.pl\/pmz2023\/wp-content\/uploads\/2023\/09\/Pani_Prof_300.jpg\" alt=\"\" width=\"208\" height=\"300\" \/><figcaption id=\"caption-attachment-172\" class=\"wp-caption-text\">Prof. dr hab. n.med. Waleria Hryniewicz<\/figcaption><\/figure>\n<p style=\"text-align: justify;\"><span style=\"font-size: 12pt;\">Szanowni Pa\u0144stwo,<\/span><br \/>\n<span style=\"font-size: 12pt;\">Drogie Kole\u017canki i Koledzy,<\/span><\/p>\n<p><span style=\"font-size: 12pt;\">Od naszego corocznego spotkania \u2013 Sympozjum pt. \u201ePost\u0119py w Medycynie Zaka\u017ce\u0144\u201d dzieli nas niespe\u0142na trzy miesi\u0105ce. Tradycyjnie organizujemy je w Warszawie w hotelu Marriott. Odb\u0119dzie si\u0119 ono 1-2 grudnia br.<\/span><\/p>\n<p><span style=\"font-size: 12pt;\">Jak co roku planujemy przybli\u017cy\u0107 uczestnikom najnowsze dane dotycz\u0105ce kolejnych zagro\u017ce\u0144 ze strony drobnoustroj\u00f3w i mo\u017cliwo\u015bci ich ograniczania. Poka\u017cemy tak\u017ce nowe mo\u017cliwo\u015bci terapii zaka\u017ce\u0144, ich profilaktyki i diagnostyki.<\/span><\/p>\n<p><span style=\"font-size: 12pt;\">Na szczeg\u00f3ln\u0105 uwag\u0119 zas\u0142uguje wyk\u0142ad prof. Paw\u0142a \u0141ukowa, wybitnego etyka nt. \u201dGranic terapii daremnej\u201d. Niemniej wa\u017cnymi b\u0119d\u0105 wyk\u0142ady nt. zagadnie\u0144 dotycz\u0105cych zaka\u017ce\u0144 na OIT, nowych mo\u017cliwo\u015bci diagnostyki i terapii, zw\u0142aszcza trudnych i skomplikowanych wywo\u0142ywanych przez wirusy, bakterie i grzyby, ze szczeg\u00f3lnym podkre\u015bleniem patogen\u00f3w opornych na leki przeciwdrobnoustrojowe. Tematyka Sympozjum jest wzbogacona przez w\u0142\u0105czenie do programu zagadnie\u0144 dotycz\u0105cych nowych mo\u017cliwo\u015bci profilaktyki. Przedstawione zostan\u0105 tak\u017ce dane na temat bada\u0144 socjomedycznych dotycz\u0105ce postaw Polak\u00f3w wobec antybiotyk\u00f3w oraz znaczenie monitorowania zu\u017cycia antybiotyk\u00f3w jako wa\u017cnego narz\u0119dzia promowania antybiotykoterapii.<\/span><\/p>\n<p><span style=\"font-size: 12pt;\">Jak co roku wa\u017cne wzbogacenie sesji wyk\u0142adowych b\u0119dzie stanowi\u0107 Sesja Plakatowa, kt\u00f3ra daje mo\u017cliwo\u015b\u0107 przedstawienia wynik\u00f3w bada\u0144 w\u0142asnych, jeszcze nieopublikowanych a wskazuj\u0105cych na pewne nowe trendy w oporno\u015bci, oceniaj\u0105ce nowe osi\u0105gni\u0119cia w diagnostyce i terapii.<\/span><\/p>\n<p><span style=\"font-size: 12pt;\">Ponadto, Sympozjum b\u0119dzie znakomitym miejscem do dyskusji zar\u00f3wno na sesjach plenarnych i plakatowych oraz wymiany pogl\u0105d\u00f3w w kuluarach i zawierania licznych kontakt\u00f3w i przyja\u017ani.<\/span><\/p>\n<p><span style=\"font-size: 12pt;\">Wa\u017cnym elementem, zw\u0142aszcza edukacyjnym, wzbogacaj\u0105cym Sympozjum, b\u0119dzie prezentacja najnowszych produkt\u00f3w firm farmaceutycznych i diagnostycznych i mo\u017cliwo\u015bci\u0105 osobistego zapoznania si\u0119 z najnowszymi ich osi\u0105gni\u0119ciami.<\/span><\/p>\n<p><span style=\"font-size: 12pt;\">Jestem przekonana, \u017ce XXVI Sympozjum pt. \u201ePost\u0119py w Medycynie Zaka\u017ce\u0144\u201d b\u0119dzie dla Pa\u0144stwa wa\u017cnym spotkaniem naukowym, praktycznym, inspiracj\u0105 do dalszych dzia\u0142a\u0144 i integracj\u0105 naszego \u015brodowiska dzia\u0142aj\u0105cego w obszarze Medycyny Zaka\u017ce\u0144.<\/span><\/p>\n<p style=\"text-align: right;\"><span style=\"font-size: 12pt;\"><strong>Prof. dr hab. n.med. Waleria Hryniewicz<br \/>\nPrzewodnicz\u0105ca Komitetu Naukowego<br \/>\n<\/strong><\/span><\/p>\n<p>&nbsp;<\/p>\n","protected":false},"excerpt":{"rendered":"<p>Szanowni Pa\u0144stwo, Drogie Kole\u017canki i Koledzy, Od naszego corocznego spotkania \u2013 Sympozjum pt. \u201ePost\u0119py w Medycynie Zaka\u017ce\u0144\u201d dzieli nas niespe\u0142na trzy miesi\u0105ce. Tradycyjnie organizujemy je w Warszawie w hotelu Marriott. Odb\u0119dzie si\u0119 ono 1-2 grudnia br. Jak co roku planujemy przybli\u017cy\u0107 uczestnikom najnowsze dane dotycz\u0105ce kolejnych zagro\u017ce\u0144 ze strony drobnoustroj\u00f3w i mo\u017cliwo\u015bci ich ograniczania. Poka\u017cemy &hellip; <a href=\"https:\/\/fundacjacmk.pl\/pmz2023\/\" class=\"more-link\">Czytaj dalej <span class=\"screen-reader-text\">Zaproszenie<\/span><\/a><\/p>\n","protected":false},"author":1,"featured_media":0,"parent":0,"menu_order":0,"comment_status":"closed","ping_status":"closed","template":"","meta":{"footnotes":""},"class_list":["post-32","page","type-page","status-publish","hentry"],"_links":{"self":[{"href":"https:\/\/fundacjacmk.pl\/pmz2023\/wp-json\/wp\/v2\/pages\/32","targetHints":{"allow":["GET"]}}],"collection":[{"href":"https:\/\/fundacjacmk.pl\/pmz2023\/wp-json\/wp\/v2\/pages"}],"about":[{"href":"https:\/\/fundacjacmk.pl\/pmz2023\/wp-json\/wp\/v2\/types\/page"}],"author":[{"embeddable":true,"href":"https:\/\/fundacjacmk.pl\/pmz2023\/wp-json\/wp\/v2\/users\/1"}],"replies":[{"embeddable":true,"href":"https:\/\/fundacjacmk.pl\/pmz2023\/wp-json\/wp\/v2\/comments?post=32"}],"version-history":[{"count":4,"href":"https:\/\/fundacjacmk.pl\/pmz2023\/wp-json\/wp\/v2\/pages\/32\/revisions"}],"predecessor-version":[{"id":105,"href":"https:\/\/fundacjacmk.pl\/pmz2023\/wp-json\/wp\/v2\/pages\/32\/revisions\/105"}],"wp:attachment":[{"href":"https:\/\/fundacjacmk.pl\/pmz2023\/wp-json\/wp\/v2\/media?parent=32"}],"curies":[{"name":"wp","href":"https:\/\/api.w.org\/{rel}","templated":true}]}}