{"id":15,"date":"2024-08-09T14:49:08","date_gmt":"2024-08-09T12:49:08","guid":{"rendered":"https:\/\/fundacjacmk.pl\/pmz2024\/?page_id=15"},"modified":"2024-09-04T14:52:14","modified_gmt":"2024-09-04T12:52:14","slug":"o-sympozjum","status":"publish","type":"page","link":"https:\/\/fundacjacmk.pl\/pmz2024\/o-sympozjum\/","title":{"rendered":"O Sympozjum&#8230;"},"content":{"rendered":"<p style=\"text-align: center;\"><span style=\"font-size: 12pt;\"><strong>Komitet Naukowy <\/strong><\/span><br \/>\n<span style=\"font-size: 12pt;\"><strong>XXVII Sympozjum \u201ePost\u0119py w Medycynie Zaka\u017ce\u0144\u2033<\/strong><\/span><\/p>\n<p style=\"text-align: center;\"><span style=\"font-size: 12pt;\">Prof. dr hab. med. Waleria Hryniewicz (Warszawa) &#8211; Przewodnicz\u0105ca<\/span><br \/>\n<span style=\"font-size: 12pt;\">Prof. dr hab. Anna Malm \u2013 przedstawiciel KRDL<\/span><br \/>\n<span style=\"font-size: 12pt;\">Dr hab. med. Aleksander Deptu\u0142a (Bydgoszcz)<\/span><br \/>\n<span style=\"font-size: 12pt;\">Dr hab. med. Tomasz Dzieci\u0105tkowski (Warszawa)<\/span><br \/>\n<span style=\"font-size: 12pt;\">Prof. dr hab. med. Katarzyna Dzier\u017canowska-Fangrat (Warszawa)<\/span><br \/>\n<span style=\"font-size: 12pt;\">Prof. dr hab. med. Marek Gniadkowski (Warszawa)<\/span><br \/>\n<span style=\"font-size: 12pt;\">Dr n. farm. \u0141ukasz Ho\u0144do (Krak\u00f3w)<\/span><br \/>\n<span style=\"font-size: 12pt;\">Prof. dr hab. med. Andrzej Kubler (Wroc\u0142aw)<\/span><br \/>\n<span style=\"font-size: 12pt;\">Dr n.med. Alicja Kuch (Warszawa)<\/span><br \/>\n<span style=\"font-size: 12pt;\">Prof. dr hab. med. Alina Olender (Lublin)<\/span><br \/>\n<span style=\"font-size: 12pt;\">Prof. dr hab. Anna Skoczy\u0144ska (Warszawa)<\/span><br \/>\n<span style=\"font-size: 12pt;\">Dr hab. med. Tomasz Sobierajski (Warszawa)<\/span><br \/>\n<span style=\"font-size: 12pt;\">Prof. dr hab. med. Joanna Zajkowska (Bia\u0142ystok)<\/span><\/p>\n<p style=\"text-align: center;\"><span style=\"font-size: 12pt;\"><strong>Komitet Organizacyjny<\/strong><\/span><br \/>\n<span style=\"font-size: 12pt;\">Mariola Paszkowska<\/span><br \/>\n<span style=\"font-size: 12pt;\">Patrycja Ronkiewicz<\/span><br \/>\n<span style=\"font-size: 12pt;\">Izabela Wr\u00f3bel-Pawelczyk<\/span><\/p>\n<p style=\"text-align: center;\"><strong><span style=\"color: #ff0000;\">UWAGA! Informacje dla diagnost\u00f3w chc\u0105cych uzyska\u0107 punkty edukacyjne umieszczone s\u0105 w zak\u0142adce \u201cPunkty edukacyjne\u201d<\/span><\/strong><\/p>\n<p style=\"text-align: center;\"><span style=\"font-size: 12pt;\"><strong>W PRZYPADKU REZYGNACJI<\/strong><\/span><\/p>\n<p style=\"text-align: center;\"><span style=\"font-size: 12pt;\">O rezygnacji z Sympozjum prosimy poinformowa\u0107 mailem na adres: <span style=\"color: #0000ff;\"><a style=\"color: #0000ff;\" href=\"mailto:kontakt@fundacjacmk.pl\">kontakt@fundacjacmk.pl<\/a><\/span><\/span><\/p>\n<p>&nbsp;<\/p>\n","protected":false},"excerpt":{"rendered":"<p>Komitet Naukowy XXVII Sympozjum \u201ePost\u0119py w Medycynie Zaka\u017ce\u0144\u2033 Prof. dr hab. med. Waleria Hryniewicz (Warszawa) &#8211; Przewodnicz\u0105ca Prof. dr hab. Anna Malm \u2013 przedstawiciel KRDL Dr hab. med. Aleksander Deptu\u0142a (Bydgoszcz) Dr hab. med. Tomasz Dzieci\u0105tkowski (Warszawa) Prof. dr hab. med. Katarzyna Dzier\u017canowska-Fangrat (Warszawa) Prof. dr hab. med. Marek Gniadkowski (Warszawa) Dr n. farm. \u0141ukasz &hellip; <a href=\"https:\/\/fundacjacmk.pl\/pmz2024\/o-sympozjum\/\" class=\"more-link\">Czytaj dalej <span class=\"screen-reader-text\">O Sympozjum&#8230;<\/span><\/a><\/p>\n","protected":false},"author":1,"featured_media":0,"parent":0,"menu_order":0,"comment_status":"closed","ping_status":"closed","template":"","meta":{"footnotes":""},"class_list":["post-15","page","type-page","status-publish","hentry"],"_links":{"self":[{"href":"https:\/\/fundacjacmk.pl\/pmz2024\/wp-json\/wp\/v2\/pages\/15","targetHints":{"allow":["GET"]}}],"collection":[{"href":"https:\/\/fundacjacmk.pl\/pmz2024\/wp-json\/wp\/v2\/pages"}],"about":[{"href":"https:\/\/fundacjacmk.pl\/pmz2024\/wp-json\/wp\/v2\/types\/page"}],"author":[{"embeddable":true,"href":"https:\/\/fundacjacmk.pl\/pmz2024\/wp-json\/wp\/v2\/users\/1"}],"replies":[{"embeddable":true,"href":"https:\/\/fundacjacmk.pl\/pmz2024\/wp-json\/wp\/v2\/comments?post=15"}],"version-history":[{"count":6,"href":"https:\/\/fundacjacmk.pl\/pmz2024\/wp-json\/wp\/v2\/pages\/15\/revisions"}],"predecessor-version":[{"id":76,"href":"https:\/\/fundacjacmk.pl\/pmz2024\/wp-json\/wp\/v2\/pages\/15\/revisions\/76"}],"wp:attachment":[{"href":"https:\/\/fundacjacmk.pl\/pmz2024\/wp-json\/wp\/v2\/media?parent=15"}],"curies":[{"name":"wp","href":"https:\/\/api.w.org\/{rel}","templated":true}]}}