{"id":17,"date":"2024-08-09T14:49:23","date_gmt":"2024-08-09T12:49:23","guid":{"rendered":"https:\/\/fundacjacmk.pl\/pmz2024\/?page_id=17"},"modified":"2024-09-04T15:06:01","modified_gmt":"2024-09-04T13:06:01","slug":"oplaty","status":"publish","type":"page","link":"https:\/\/fundacjacmk.pl\/pmz2024\/oplaty\/","title":{"rendered":"Op\u0142aty"},"content":{"rendered":"<p style=\"text-align: center;\">Op\u0142ata za udzia\u0142 w PMZ 2024 wynosi 680,00 z\u0142 brutto (552,85 z\u0142 netto). Uprzejmie<br \/>\ninformujemy, i\u017c o wysoko\u015bci op\u0142aty decyduje termin wp\u0142aty, a nie data rejestracji.<br \/>\nWp\u0142ata dokonana po 1 listopada wynosi 780,00 z\u0142 brutto (634,15 z\u0142 netto).<\/p>\n<p style=\"text-align: center;\"><strong>ZWOLNIENIE Z VAT<\/strong><\/p>\n<p style=\"text-align: center;\">Jednostka mo\u017ce skorzysta\u0107 ze zwolnienia z VAT jedynie po wype\u0142nieniu, podpisaniu (podpisem elektronicznym przez osob\u0119 upowa\u017cnion\u0105) i przes\u0142aniu <span style=\"color: #0000ff;\"><a style=\"color: #0000ff;\" href=\"https:\/\/fundacjacmk.pl\/pmz2024\/wp-content\/uploads\/2024\/09\/Oswiadczenie-vat-na-szkolenia.pdf\">O\u015bwiadczenia<\/a><\/span> na adres mailowy Fundacji. W przypadku nie posiadania podpisu elektronicznego prosimy wype\u0142nione i podpisane O\u015bwiadczenie zeskanowa\u0107 i wys\u0142a\u0107 mailem na adres: <a href=\"mailto:kontakt@fundacjacmk.pl\"><span style=\"color: #0000ff;\">kontakt@fundacjacmk.pl<\/span><\/a>, a orygina\u0142 wys\u0142a\u0107 poczt\u0105 lub kurierem na adres Fundacji.<\/p>\n<p style=\"text-align: center;\">Cena obejmuje:<br \/>\n\u2022 udzia\u0142 we wszystkich sesjach plenarnych i plakatowych<br \/>\n\u2022 mo\u017cliwo\u015b\u0107 zapoznania si\u0119 z ofert\u0105 wystawc\u00f3w<br \/>\n\u2022 bogate materia\u0142y edukacyjne<br \/>\n\u2022 posi\u0142ki: lunche, przerwy kawowe i kolacj\u0119 (kolacja \u2013 pi\u0105tek 06.12.2024 r.)<\/p>\n<p style=\"text-align: center;\"><strong>OSTATECZNY TERMIN UISZCZENIA OP\u0141ATY REJESTRACYJNEJ MIJA<\/strong><br \/>\n<strong>15 LISTOPADA 2024 r.<\/strong><\/p>\n<p style=\"text-align: center;\"><strong>WP\u0141AT PROSIMY DOKONYWA\u0106 NA KONTO:<br \/>\n<\/strong>Fundacja Centrum Mikrobiologii Klinicznej<br \/>\nul. Che\u0142mska 30\/34<br \/>\n00-725 Warszawa,<br \/>\nnr konta: 64 1240 5992 1111 0000 4772 7885<br \/>\nW tytule przelewu prosimy poda\u0107: imi\u0119, nazwisko, miasto, PMZ 2024.<\/p>\n<p style=\"text-align: center;\">UWAGA:<br \/>\nFaktury VAT b\u0119d\u0105 wystawiane <strong>wy\u0142\u0105cznie<\/strong> na dane osoby\/firmy, z kt\u00f3rej konta zosta\u0142 dokonany przelew (zgodnie z wyci\u0105giem bankowym). Faktury na osoby fizyczne b\u0119d\u0105 wystawiane tylko po przes\u0142aniu pro\u015bby na adres mailowy: <a href=\"mailto:kontakt@fundacjacmk.pl\"><span style=\"color: #0000ff;\">kontakt@fundacjacmk.pl<\/span><\/a><\/p>\n<p style=\"text-align: center;\"><span style=\"color: #ff0000;\">Informujemy, \u017ce WSZYSTKIE wystawione faktury b\u0119d\u0105 wysy\u0142ane WY\u0141\u0104CZNIE drog\u0105 mailow\u0105 na adresy podane w formularzu rejestracyjnym.<\/span><\/p>\n<p style=\"text-align: center;\"><strong>Korekty (noty koryguj\u0105ce)<\/strong><\/p>\n<p style=\"text-align: center;\">W przypadku zauwa\u017cenia b\u0142\u0119d\u00f3w na fakturze prosimy o niezw\u0142oczny kontakt. Zmiany dotycz\u0105ce pozycji odbiorca\/p\u0142atnik faktury prosimy korygowa\u0107 notami wystawionymi przez odbiorc\u0119\/p\u0142atnika.<\/p>\n","protected":false},"excerpt":{"rendered":"<p>Op\u0142ata za udzia\u0142 w PMZ 2024 wynosi 680,00 z\u0142 brutto (552,85 z\u0142 netto). Uprzejmie informujemy, i\u017c o wysoko\u015bci op\u0142aty decyduje termin wp\u0142aty, a nie data rejestracji. Wp\u0142ata dokonana po 1 listopada wynosi 780,00 z\u0142 brutto (634,15 z\u0142 netto). ZWOLNIENIE Z VAT Jednostka mo\u017ce skorzysta\u0107 ze zwolnienia z VAT jedynie po wype\u0142nieniu, podpisaniu (podpisem elektronicznym przez &hellip; <a href=\"https:\/\/fundacjacmk.pl\/pmz2024\/oplaty\/\" class=\"more-link\">Czytaj dalej <span class=\"screen-reader-text\">Op\u0142aty<\/span><\/a><\/p>\n","protected":false},"author":1,"featured_media":0,"parent":0,"menu_order":0,"comment_status":"closed","ping_status":"closed","template":"","meta":{"footnotes":""},"class_list":["post-17","page","type-page","status-publish","hentry"],"_links":{"self":[{"href":"https:\/\/fundacjacmk.pl\/pmz2024\/wp-json\/wp\/v2\/pages\/17","targetHints":{"allow":["GET"]}}],"collection":[{"href":"https:\/\/fundacjacmk.pl\/pmz2024\/wp-json\/wp\/v2\/pages"}],"about":[{"href":"https:\/\/fundacjacmk.pl\/pmz2024\/wp-json\/wp\/v2\/types\/page"}],"author":[{"embeddable":true,"href":"https:\/\/fundacjacmk.pl\/pmz2024\/wp-json\/wp\/v2\/users\/1"}],"replies":[{"embeddable":true,"href":"https:\/\/fundacjacmk.pl\/pmz2024\/wp-json\/wp\/v2\/comments?post=17"}],"version-history":[{"count":4,"href":"https:\/\/fundacjacmk.pl\/pmz2024\/wp-json\/wp\/v2\/pages\/17\/revisions"}],"predecessor-version":[{"id":81,"href":"https:\/\/fundacjacmk.pl\/pmz2024\/wp-json\/wp\/v2\/pages\/17\/revisions\/81"}],"wp:attachment":[{"href":"https:\/\/fundacjacmk.pl\/pmz2024\/wp-json\/wp\/v2\/media?parent=17"}],"curies":[{"name":"wp","href":"https:\/\/api.w.org\/{rel}","templated":true}]}}