{"id":22,"date":"2024-08-09T14:49:59","date_gmt":"2024-08-09T12:49:59","guid":{"rendered":"https:\/\/fundacjacmk.pl\/pmz2024\/?page_id=22"},"modified":"2024-09-04T15:36:29","modified_gmt":"2024-09-04T13:36:29","slug":"punkty-edukacyjne","status":"publish","type":"page","link":"https:\/\/fundacjacmk.pl\/pmz2024\/punkty-edukacyjne\/","title":{"rendered":"Punkty edukacyjne"},"content":{"rendered":"<p style=\"text-align: center;\">Za udzia\u0142 w Sympozjum \u201ePost\u0119py w Medycynie Zaka\u017ce\u0144\u201d w 2024 r.<br \/>\n<strong>diagnostom laboratoryjnym<\/strong> przys\u0142uguje 8 punkt\u00f3w edukacyjnych przyznawanych wg zasad okre\u015blonych Rozporz\u0105dzeniem Ministra Zdrowia z dnia 7 grudnia 2023 r. w sprawie ustawicznego rozwoju zawodowego diagnosty laboratoryjnego (Dz.U. 2023 poz. 2684)*<\/p>\n<p style=\"text-align: center;\">Za udzia\u0142 w Sympozjum \u201ePost\u0119py w Medycynie Zaka\u017ce\u0144\u201d w 2024 r. <strong>lekarzom<\/strong> przys\u0142uguje 10 punkt\u00f3w edukacyjnych przyznawanych wg zasad okre\u015blonych Rozporz\u0105dzeniem Ministra Zdrowia z dnia 21 lutego 2022 r. w sprawie sposobu dope\u0142nienia obowi\u0105zku doskonalenia zawodowego lekarzy i lekarzy dentyst\u00f3w (Dz.U. 2022 poz. 464)**<\/p>\n<p style=\"text-align: center;\">Liczba godzin edukacyjnych &#8211; 16<br \/>\nLiczba punkt\u00f3w edukacyjnych dla diagnost\u00f3w lab. &#8211; 8*<br \/>\nLiczba punkt\u00f3w edukacyjnych dla lekarzy &#8211; 10**<\/p>\n","protected":false},"excerpt":{"rendered":"<p>Za udzia\u0142 w Sympozjum \u201ePost\u0119py w Medycynie Zaka\u017ce\u0144\u201d w 2024 r. diagnostom laboratoryjnym przys\u0142uguje 8 punkt\u00f3w edukacyjnych przyznawanych wg zasad okre\u015blonych Rozporz\u0105dzeniem Ministra Zdrowia z dnia 7 grudnia 2023 r. w sprawie ustawicznego rozwoju zawodowego diagnosty laboratoryjnego (Dz.U. 2023 poz. 2684)* Za udzia\u0142 w Sympozjum \u201ePost\u0119py w Medycynie Zaka\u017ce\u0144\u201d w 2024 r. lekarzom przys\u0142uguje 10 &hellip; <a href=\"https:\/\/fundacjacmk.pl\/pmz2024\/punkty-edukacyjne\/\" class=\"more-link\">Czytaj dalej <span class=\"screen-reader-text\">Punkty edukacyjne<\/span><\/a><\/p>\n","protected":false},"author":1,"featured_media":0,"parent":0,"menu_order":0,"comment_status":"closed","ping_status":"closed","template":"","meta":{"footnotes":""},"class_list":["post-22","page","type-page","status-publish","hentry"],"_links":{"self":[{"href":"https:\/\/fundacjacmk.pl\/pmz2024\/wp-json\/wp\/v2\/pages\/22","targetHints":{"allow":["GET"]}}],"collection":[{"href":"https:\/\/fundacjacmk.pl\/pmz2024\/wp-json\/wp\/v2\/pages"}],"about":[{"href":"https:\/\/fundacjacmk.pl\/pmz2024\/wp-json\/wp\/v2\/types\/page"}],"author":[{"embeddable":true,"href":"https:\/\/fundacjacmk.pl\/pmz2024\/wp-json\/wp\/v2\/users\/1"}],"replies":[{"embeddable":true,"href":"https:\/\/fundacjacmk.pl\/pmz2024\/wp-json\/wp\/v2\/comments?post=22"}],"version-history":[{"count":3,"href":"https:\/\/fundacjacmk.pl\/pmz2024\/wp-json\/wp\/v2\/pages\/22\/revisions"}],"predecessor-version":[{"id":92,"href":"https:\/\/fundacjacmk.pl\/pmz2024\/wp-json\/wp\/v2\/pages\/22\/revisions\/92"}],"wp:attachment":[{"href":"https:\/\/fundacjacmk.pl\/pmz2024\/wp-json\/wp\/v2\/media?parent=22"}],"curies":[{"name":"wp","href":"https:\/\/api.w.org\/{rel}","templated":true}]}}