{"id":28,"date":"2024-08-09T14:51:20","date_gmt":"2024-08-09T12:51:20","guid":{"rendered":"https:\/\/fundacjacmk.pl\/pmz2024\/?page_id=28"},"modified":"2024-12-05T20:37:03","modified_gmt":"2024-12-05T19:37:03","slug":"streszczenia-wykladow","status":"publish","type":"page","link":"https:\/\/fundacjacmk.pl\/pmz2024\/streszczenia-wykladow\/","title":{"rendered":"Streszczenia wyk\u0142ad\u00f3w"},"content":{"rendered":"<p style=\"text-align: center;\"><span style=\"font-size: 12pt;\"><strong>Sesja 1<\/strong><\/span><br \/>\n<span style=\"font-size: 12pt;\"><strong>Sepsa &#8211; co mo\u017cemy robi\u0107 lepiej<\/strong><\/span><\/p>\n<p style=\"text-align: center;\"><span style=\"color: #0000ff; font-size: 12pt;\"><a style=\"color: #0000ff;\" href=\"https:\/\/fundacjacmk.pl\/pmz2024\/wp-content\/uploads\/2024\/12\/Sesja-1_A.-Kubler.pdf\">Etyczne wyzwania antybiotykoterapii ci\u0119\u017cko chorych<\/a><\/span><br \/>\n<span style=\"color: #0000ff; font-size: 12pt;\"><a style=\"color: #0000ff;\" href=\"https:\/\/fundacjacmk.pl\/pmz2024\/wp-content\/uploads\/2024\/12\/Sesja-1_A.-Kubler.pdf\"><em>Prof. dr hab. n. med. Andrzej K\u00fcbler<\/em><\/a><\/span><\/p>\n<p style=\"text-align: center;\"><span style=\"font-size: 12pt;\"><strong>Sesja 2<\/strong><\/span><br \/>\n<span style=\"font-size: 12pt;\"><strong>Nowe mo\u017cliwo\u015bci terapii zaka\u017ce\u0144<\/strong><\/span><\/p>\n<p style=\"text-align: center;\"><span style=\"font-size: 12pt;\"><a href=\"https:\/\/fundacjacmk.pl\/pmz2024\/wp-content\/uploads\/2024\/12\/Sesja-2_W.-Hryniewicz.pdf\"><span style=\"color: #0000ff;\">Nowe antybiotyki i nowe wskazania dla \u201estarych\u201d<\/span><\/a><\/span><br \/>\n<span style=\"font-size: 12pt;\"><a href=\"https:\/\/fundacjacmk.pl\/pmz2024\/wp-content\/uploads\/2024\/12\/Sesja-2_W.-Hryniewicz.pdf\"><span style=\"color: #0000ff;\"><em>Prof. dr hab. n. med. Waleria Hryniewicz<\/em><\/span><\/a><\/span><\/p>\n<p style=\"text-align: center;\"><span style=\"color: #0000ff; font-size: 12pt;\"><a style=\"color: #0000ff;\" href=\"https:\/\/fundacjacmk.pl\/pmz2024\/wp-content\/uploads\/2024\/12\/Sesja-2_M.-Wanke-Rytt.pdf\">Kr\u00f3tsza terapia antybiotykowa nie zawsze jest mniej skuteczna<\/a><\/span><br \/>\n<span style=\"font-size: 12pt;\"><a href=\"https:\/\/fundacjacmk.pl\/pmz2024\/wp-content\/uploads\/2024\/12\/Sesja-2_M.-Wanke-Rytt.pdf\"><span style=\"color: #0000ff;\"><em>Dr n. med. Monika Wanke \u2013 Rytt<\/em><\/span><\/a><\/span><\/p>\n<p style=\"text-align: center;\"><span style=\"font-size: 12pt;\"><strong>Sesja 4<\/strong><\/span><br \/>\n<span style=\"font-size: 12pt;\"><strong>Zaka\u017cenia a nowotworzenie<\/strong><\/span><\/p>\n<p style=\"text-align: center;\"><span style=\"font-size: 12pt;\"><a href=\"https:\/\/fundacjacmk.pl\/pmz2024\/wp-content\/uploads\/2024\/12\/Sesja-4_B.-Kasztelewicz.pdf\"><span style=\"color: #0000ff;\">Wirusy hepatotropowe<\/span><\/a><\/span><br \/>\n<span style=\"font-size: 12pt;\"><em><a href=\"https:\/\/fundacjacmk.pl\/pmz2024\/wp-content\/uploads\/2024\/12\/Sesja-4_B.-Kasztelewicz.pdf\"><span style=\"color: #0000ff;\">Dr n. med. Beata Kasztelewicz<\/span><\/a><br \/>\n<\/em><\/span><br \/>\n<span style=\"font-size: 12pt;\"><a href=\"https:\/\/fundacjacmk.pl\/pmz2024\/wp-content\/uploads\/2024\/12\/Sesja-4_E.-Sadowy.pdf\"><span style=\"color: #0000ff;\">Paciorkowce grupy bovis i inne bakterie a nowotwory<\/span><\/a><\/span><br \/>\n<span style=\"font-size: 12pt;\"><a href=\"https:\/\/fundacjacmk.pl\/pmz2024\/wp-content\/uploads\/2024\/12\/Sesja-4_E.-Sadowy.pdf\"><span style=\"color: #0000ff;\"><em>Prof. dr hab. n. med. Ewa Sadowy<\/em><\/span><\/a><\/span><\/p>\n<p style=\"text-align: center;\"><span style=\"font-size: 12pt;\"><strong>Sesja 5<\/strong><\/span><br \/>\n<span style=\"font-size: 12pt;\"><strong>Zapobieganie zaka\u017ceniom w skali globalnej i nowe wyzwania<\/strong><\/span><\/p>\n<p style=\"text-align: center;\"><span style=\"font-size: 12pt;\"><a href=\"https:\/\/fundacjacmk.pl\/pmz2024\/wp-content\/uploads\/2024\/12\/Sesja-5_E.-Duszczyk.pdf\"><span style=\"color: #0000ff;\">Zaka\u017cenia <em>Streptococcus pneumoniae<\/em> i RSV \u2013 jak najlepiej zapobiega\u0107<\/span><\/a><\/span><br \/>\n<span style=\"font-size: 12pt;\"><a href=\"https:\/\/fundacjacmk.pl\/pmz2024\/wp-content\/uploads\/2024\/12\/Sesja-5_E.-Duszczyk.pdf\"><span style=\"color: #0000ff;\"><em>Dr Ewa Duszczyk<\/em><\/span><\/a><\/span><\/p>\n<p style=\"text-align: center;\"><span style=\"font-size: 12pt;\"><a href=\"https:\/\/fundacjacmk.pl\/pmz2024\/wp-content\/uploads\/2024\/12\/Sesja-5_T.-Dzieciatkowski.pdf\"><span style=\"color: #0000ff;\">Malaria, denga, cholera \u2013 skuteczno\u015b\u0107 szczepie\u0144<\/span><\/a><\/span><br \/>\n<span style=\"font-size: 12pt;\"><a href=\"https:\/\/fundacjacmk.pl\/pmz2024\/wp-content\/uploads\/2024\/12\/Sesja-5_T.-Dzieciatkowski.pdf\"><span style=\"color: #0000ff;\"><em>Dr hab. n. med. Tomasz Dzieci\u0105tkowski<\/em><\/span><\/a><\/span><\/p>\n<p style=\"text-align: center;\"><span style=\"font-size: 12pt;\"><a href=\"https:\/\/fundacjacmk.pl\/pmz2024\/wp-content\/uploads\/2024\/12\/Sesja_5_A.-Golke.pdf\"><span style=\"color: #0000ff;\">Grypa ptasia \u2013 jak gro\u017ana<\/span><\/a><\/span><br \/>\n<span style=\"font-size: 12pt;\"><a href=\"https:\/\/fundacjacmk.pl\/pmz2024\/wp-content\/uploads\/2024\/12\/Sesja_5_A.-Golke.pdf\"><span style=\"color: #0000ff;\"><em>Dr n. med. Anna Golke<\/em><\/span><\/a><\/span><\/p>\n<p style=\"text-align: center;\"><span style=\"font-size: 12pt;\"><strong>Sesja 6<\/strong><\/span><br \/>\n<span style=\"font-size: 12pt;\"><strong>Zaka\u017cenia szpitalne a antybiotykooporno\u015b\u0107<\/strong><\/span><\/p>\n<p style=\"text-align: center;\"><span style=\"font-size: 12pt;\"><a href=\"https:\/\/fundacjacmk.pl\/pmz2024\/wp-content\/uploads\/2024\/12\/Sesja-6_M.-Fleischer.pdf\"><span style=\"color: #0000ff;\">Odcewnikowe zaka\u017cenia \u0142o\u017cyska naczyniowego \u2013 jak skutecznie ograniczy\u0107 ich wyst\u0119powanie?<\/span><\/a><\/span><br \/>\n<span style=\"font-size: 12pt;\"><a href=\"https:\/\/fundacjacmk.pl\/pmz2024\/wp-content\/uploads\/2024\/12\/Sesja-6_M.-Fleischer.pdf\"><span style=\"color: #0000ff;\"><em>Dr n. med. Ma\u0142gorzata Fleischer<\/em><\/span><\/a><\/span><\/p>\n<p style=\"text-align: center;\"><span style=\"font-size: 12pt;\"><a href=\"https:\/\/fundacjacmk.pl\/pmz2024\/wp-content\/uploads\/2024\/12\/Sesja-6_M.-Gniadkowski.pdf\"><span style=\"color: #0000ff;\">Wojna na Ukrainie \u2013 ryzyko nowej fali epidemii<\/span><\/a><\/span><br \/>\n<span style=\"font-size: 12pt;\"><a href=\"https:\/\/fundacjacmk.pl\/pmz2024\/wp-content\/uploads\/2024\/12\/Sesja-6_M.-Gniadkowski.pdf\"><span style=\"color: #0000ff;\"><em>Prof. dr hab. n. med. Marek Gniadkowski<\/em><\/span><\/a><\/span><\/p>\n<p style=\"text-align: center;\"><span style=\"font-size: 12pt;\"><strong>Sesja 8<\/strong><\/span><br \/>\n<span style=\"font-size: 12pt;\"><strong>Wyzwania dla medycyny i spo\u0142ecze\u0144stwa<\/strong><\/span><\/p>\n<p style=\"text-align: center;\"><span style=\"font-size: 12pt;\"><a href=\"https:\/\/fundacjacmk.pl\/pmz2024\/wp-content\/uploads\/2024\/12\/Sesja-8_J.-Zajkowska_-A.-Skoczynska.pdf\"><span style=\"color: #0000ff;\">Nowe rekomendacje post\u0119powania w zaka\u017ceniach o\u015brodkowego uk\u0142adu nerwowego: G\u0142\u00f3wne przekazy<\/span><\/a><\/span><br \/>\n<span style=\"font-size: 12pt;\"><a href=\"https:\/\/fundacjacmk.pl\/pmz2024\/wp-content\/uploads\/2024\/12\/Sesja-8_J.-Zajkowska_-A.-Skoczynska.pdf\"><span style=\"color: #0000ff;\"><em>Prof. dr hab. n. med. A.Skoczy\u0144ska, Prof. dr hab. n. med. J.Zajkowska<\/em><\/span><\/a><\/span><\/p>\n<p style=\"text-align: center;\"><span style=\"font-size: 12pt;\"><a href=\"https:\/\/fundacjacmk.pl\/pmz2024\/wp-content\/uploads\/2024\/12\/Sesja-8_A.-Ziolko.pdf\"><span style=\"color: #0000ff;\">Higiena r\u0105k jako \u201enowe\u201d wyzwanie<\/span><\/a><\/span><br \/>\n<span style=\"font-size: 12pt;\"><a href=\"https:\/\/fundacjacmk.pl\/pmz2024\/wp-content\/uploads\/2024\/12\/Sesja-8_A.-Ziolko.pdf\"><span style=\"color: #0000ff;\"><em>dr n. med. i n. o zdr. Anna Zi\u00f3\u0142ko<\/em><\/span><\/a><\/span><\/p>\n<p style=\"text-align: center;\"><span style=\"font-size: 12pt;\"><strong>Sesja 9<\/strong><\/span><br \/>\n<span style=\"font-size: 12pt;\"><strong>Dylematy diagnostyczne<\/strong><\/span><\/p>\n<p style=\"text-align: center;\"><span style=\"font-size: 12pt;\"><a href=\"https:\/\/fundacjacmk.pl\/pmz2024\/wp-content\/uploads\/2024\/12\/Sesja-9_D.-Zabicka.pdf\"><span style=\"color: #0000ff;\">Oznaczanie lekowra\u017cliwo\u015bci \u2013 wyzwania metodyczne i interpretacyjne<\/span><\/a><\/span><br \/>\n<span style=\"font-size: 12pt;\"><a href=\"https:\/\/fundacjacmk.pl\/pmz2024\/wp-content\/uploads\/2024\/12\/Sesja-9_D.-Zabicka.pdf\"><span style=\"color: #0000ff;\"><em>Dr n. med. Dorota \u017babicka<\/em><\/span><\/a><\/span><\/p>\n<p style=\"text-align: center;\"><span style=\"font-size: 12pt;\"><a href=\"https:\/\/fundacjacmk.pl\/pmz2024\/wp-content\/uploads\/2024\/12\/Sesja-9_R.-Izdebski.pdf\"><span style=\"color: #0000ff;\"><em>Escherichia coli OXA-244 <\/em>&#8211; nowe zagro\u017cenie<\/span><\/a><\/span><br \/>\n<span style=\"font-size: 12pt;\"><a href=\"https:\/\/fundacjacmk.pl\/pmz2024\/wp-content\/uploads\/2024\/12\/Sesja-9_R.-Izdebski.pdf\"><span style=\"color: #0000ff;\"><em>Dr hab. n. med. Rados\u0142aw Izdebski<\/em><\/span><\/a><\/span><\/p>\n<p style=\"text-align: center;\"><span style=\"font-size: 12pt;\"><a href=\"https:\/\/fundacjacmk.pl\/pmz2024\/wp-content\/uploads\/2024\/12\/Sesja-9_J.-Empel.pdf\"><span style=\"color: #0000ff;\">Wykrywanie MRSA, hVISA, VISA, VRSA \u2013 wyzwanie diagnostyczne i kliniczne<\/span><\/a><\/span><br \/>\n<span style=\"font-size: 12pt;\"><a href=\"https:\/\/fundacjacmk.pl\/pmz2024\/wp-content\/uploads\/2024\/12\/Sesja-9_J.-Empel.pdf\"><span style=\"color: #0000ff;\"><em>Dr n. biol. Joanna Empel<\/em><\/span><\/a><\/span><\/p>\n<p style=\"text-align: center;\"><span style=\"font-size: 12pt;\"><a href=\"https:\/\/fundacjacmk.pl\/pmz2024\/wp-content\/uploads\/2024\/12\/sesja-9_-P.-Krzysciak.pdf\"><span style=\"color: #0000ff;\">Grzyby w ataku \u2013 niezb\u0119dna nowoczesna diagnostyka<\/span><\/a><\/span><br \/>\n<span style=\"font-size: 12pt;\"><a href=\"https:\/\/fundacjacmk.pl\/pmz2024\/wp-content\/uploads\/2024\/12\/sesja-9_-P.-Krzysciak.pdf\"><span style=\"color: #0000ff;\"><em>Dr n. med. Pawe\u0142 Krzy\u015bciak<\/em><\/span><\/a><\/span><\/p>\n<p style=\"text-align: center;\"><span style=\"font-size: 12pt;\"><strong>Sesja 10<\/strong><\/span><br \/>\n<span style=\"font-size: 12pt;\"><strong>Dawne choroby w nowej ods\u0142onie<\/strong><\/span><\/p>\n<p style=\"text-align: center;\"><span style=\"font-size: 12pt;\"><a href=\"https:\/\/fundacjacmk.pl\/pmz2024\/wp-content\/uploads\/2024\/12\/Sesja-10_E.-Podsiadly.pdf\"><span style=\"color: #0000ff;\"><em>Streptococcus pyogenes<\/em> \u2013 gwa\u0142towny powr\u00f3t<\/span><\/a><\/span><br \/>\n<span style=\"font-size: 12pt;\"><a href=\"https:\/\/fundacjacmk.pl\/pmz2024\/wp-content\/uploads\/2024\/12\/Sesja-10_E.-Podsiadly.pdf\"><span style=\"color: #0000ff;\"><em>Dr hab. n. med. Edyta Podsiad\u0142y<\/em><\/span><\/a><\/span><\/p>\n<p style=\"text-align: center;\"><span style=\"font-size: 12pt;\"><a href=\"https:\/\/fundacjacmk.pl\/pmz2024\/wp-content\/uploads\/2024\/12\/Sesja-10_A.-Kuch.pdf\"><span style=\"color: #0000ff;\">Tr\u0105d \u2013 czy potrzebna nowa wyspa Spinalonga?<\/span><\/a><\/span><br \/>\n<span style=\"font-size: 12pt;\"><a href=\"https:\/\/fundacjacmk.pl\/pmz2024\/wp-content\/uploads\/2024\/12\/Sesja-10_A.-Kuch.pdf\"><span style=\"color: #0000ff;\"><em>Dr n. med. Alicja Kuch<\/em><\/span><\/a><\/span><\/p>\n<p style=\"text-align: center;\"><span style=\"font-size: 12pt;\"><a href=\"https:\/\/fundacjacmk.pl\/pmz2024\/wp-content\/uploads\/2024\/12\/Sesja-10_J.-Popielska.pdf\"><span style=\"color: #0000ff;\">D\u017cuma \u2013 nie tylko historyczna<\/span><\/a><\/span><br \/>\n<span style=\"font-size: 12pt;\"><a href=\"https:\/\/fundacjacmk.pl\/pmz2024\/wp-content\/uploads\/2024\/12\/Sesja-10_J.-Popielska.pdf\"><span style=\"color: #0000ff;\"><em>Dr n. med. Jolanta Popielska<\/em><\/span><\/a><\/span><\/p>\n","protected":false},"excerpt":{"rendered":"<p>Sesja 1 Sepsa &#8211; co mo\u017cemy robi\u0107 lepiej Etyczne wyzwania antybiotykoterapii ci\u0119\u017cko chorych Prof. dr hab. n. med. Andrzej K\u00fcbler Sesja 2 Nowe mo\u017cliwo\u015bci terapii zaka\u017ce\u0144 Nowe antybiotyki i nowe wskazania dla \u201estarych\u201d Prof. dr hab. n. med. Waleria Hryniewicz Kr\u00f3tsza terapia antybiotykowa nie zawsze jest mniej skuteczna Dr n. med. Monika Wanke \u2013 Rytt &hellip; <a href=\"https:\/\/fundacjacmk.pl\/pmz2024\/streszczenia-wykladow\/\" class=\"more-link\">Czytaj dalej <span class=\"screen-reader-text\">Streszczenia wyk\u0142ad\u00f3w<\/span><\/a><\/p>\n","protected":false},"author":1,"featured_media":0,"parent":0,"menu_order":0,"comment_status":"closed","ping_status":"closed","template":"","meta":{"footnotes":""},"class_list":["post-28","page","type-page","status-publish","hentry"],"_links":{"self":[{"href":"https:\/\/fundacjacmk.pl\/pmz2024\/wp-json\/wp\/v2\/pages\/28","targetHints":{"allow":["GET"]}}],"collection":[{"href":"https:\/\/fundacjacmk.pl\/pmz2024\/wp-json\/wp\/v2\/pages"}],"about":[{"href":"https:\/\/fundacjacmk.pl\/pmz2024\/wp-json\/wp\/v2\/types\/page"}],"author":[{"embeddable":true,"href":"https:\/\/fundacjacmk.pl\/pmz2024\/wp-json\/wp\/v2\/users\/1"}],"replies":[{"embeddable":true,"href":"https:\/\/fundacjacmk.pl\/pmz2024\/wp-json\/wp\/v2\/comments?post=28"}],"version-history":[{"count":8,"href":"https:\/\/fundacjacmk.pl\/pmz2024\/wp-json\/wp\/v2\/pages\/28\/revisions"}],"predecessor-version":[{"id":182,"href":"https:\/\/fundacjacmk.pl\/pmz2024\/wp-json\/wp\/v2\/pages\/28\/revisions\/182"}],"wp:attachment":[{"href":"https:\/\/fundacjacmk.pl\/pmz2024\/wp-json\/wp\/v2\/media?parent=28"}],"curies":[{"name":"wp","href":"https:\/\/api.w.org\/{rel}","templated":true}]}}