{"id":32,"date":"2024-08-09T14:51:52","date_gmt":"2024-08-09T12:51:52","guid":{"rendered":"https:\/\/fundacjacmk.pl\/pmz2024\/?page_id=32"},"modified":"2024-10-31T20:05:57","modified_gmt":"2024-10-31T19:05:57","slug":"zakwaterowanie","status":"publish","type":"page","link":"https:\/\/fundacjacmk.pl\/pmz2024\/zakwaterowanie\/","title":{"rendered":"Zakwaterowanie"},"content":{"rendered":"<p style=\"text-align: center;\"><strong>REZERWACJA POKOI<\/strong><\/p>\n<p style=\"text-align: center;\"><span style=\"color: #ff0000;\"><strong>Pula pokoi w preferencyjnej cenie zosta\u0142a wyczerpana<\/strong><\/span><\/p>\n<p style=\"text-align: center;\"><strong>P\u0142atno\u015b\u0107 za pokoje bezpo\u015brednio w Warsaw Presidential Hotel<br \/>\nW kwestii rezerwacji prosimy o kontakt mailowy: <a href=\"mailto:mpaszkowska@fundacjacmk.pl\"><span style=\"color: #0000ff;\">mpaszkowska@fundacjacmk.pl<\/span><\/a><\/strong><\/p>\n","protected":false},"excerpt":{"rendered":"<p>REZERWACJA POKOI Pula pokoi w preferencyjnej cenie zosta\u0142a wyczerpana P\u0142atno\u015b\u0107 za pokoje bezpo\u015brednio w Warsaw Presidential Hotel W kwestii rezerwacji prosimy o kontakt mailowy: mpaszkowska@fundacjacmk.pl<\/p>\n","protected":false},"author":1,"featured_media":0,"parent":0,"menu_order":0,"comment_status":"closed","ping_status":"closed","template":"","meta":{"footnotes":""},"class_list":["post-32","page","type-page","status-publish","hentry"],"_links":{"self":[{"href":"https:\/\/fundacjacmk.pl\/pmz2024\/wp-json\/wp\/v2\/pages\/32","targetHints":{"allow":["GET"]}}],"collection":[{"href":"https:\/\/fundacjacmk.pl\/pmz2024\/wp-json\/wp\/v2\/pages"}],"about":[{"href":"https:\/\/fundacjacmk.pl\/pmz2024\/wp-json\/wp\/v2\/types\/page"}],"author":[{"embeddable":true,"href":"https:\/\/fundacjacmk.pl\/pmz2024\/wp-json\/wp\/v2\/users\/1"}],"replies":[{"embeddable":true,"href":"https:\/\/fundacjacmk.pl\/pmz2024\/wp-json\/wp\/v2\/comments?post=32"}],"version-history":[{"count":5,"href":"https:\/\/fundacjacmk.pl\/pmz2024\/wp-json\/wp\/v2\/pages\/32\/revisions"}],"predecessor-version":[{"id":105,"href":"https:\/\/fundacjacmk.pl\/pmz2024\/wp-json\/wp\/v2\/pages\/32\/revisions\/105"}],"wp:attachment":[{"href":"https:\/\/fundacjacmk.pl\/pmz2024\/wp-json\/wp\/v2\/media?parent=32"}],"curies":[{"name":"wp","href":"https:\/\/api.w.org\/{rel}","templated":true}]}}