{"id":34,"date":"2024-08-09T14:52:08","date_gmt":"2024-08-09T12:52:08","guid":{"rendered":"https:\/\/fundacjacmk.pl\/pmz2024\/?page_id=34"},"modified":"2024-09-04T14:54:39","modified_gmt":"2024-09-04T12:54:39","slug":"zaproszenie","status":"publish","type":"page","link":"https:\/\/fundacjacmk.pl\/pmz2024\/","title":{"rendered":"Zaproszenie"},"content":{"rendered":"<figure id=\"photo24\" aria-describedby=\"caption-photo24\" style=\"width: 207px\" class=\"wp-caption alignleft\"><img loading=\"lazy\" decoding=\"async\" class=\"wp-image-172 size-medium\" src=\"https:\/\/fundacjacmk.pl\/pmz2024\/wp-content\/uploads\/2024\/08\/Pani_Prof_300px.jpg\" alt=\"\" width=\"207\" height=\"300\" \/><figcaption id=\"caption-photo24\" class=\"wp-caption-text\">Prof. dr hab. n.med. Waleria Hryniewicz<\/figcaption><\/figure>\n<p style=\"text-align: right;\">Warszawa 8 sierpnia 2024 r.<\/p>\n<p>Szanowni Pa\u0144stwo,<br \/>\nDrogie Kole\u017canki i Koledzy,<\/p>\n<p>Mamy przyjemno\u015b\u0107 ju\u017c po raz XXVII zaprosi\u0107 Pa\u0144stwa do wzi\u0119cia udzia\u0142u w Sympozjum Naukowym \u201e Post\u0119py w Medycynie Zaka\u017ce\u0144&#8221; kt\u00f3re odb\u0119dzie si\u0119 w dniach 6 &#8211; 7 grudnia 2024r. Sympozjum odb\u0119dzie si\u0119 w Warsaw Presidental Hotel (d. Mariott) Al. Jerozolimskie 65\/79.<\/p>\n<p>Serdecznie zapraszamy wszystkich zainteresowanych, kt\u00f3rzy chcieliby uaktualni\u0107 swoj\u0105 wiedz\u0119 na temat zagro\u017ce\u0144 ze strony drobnoustroj\u00f3w i strategii ich ograniczenia oraz pozna\u0107 najnowsze osi\u0105gni\u0119cia w zapobieganiu, diagnozowaniu i zwalczaniu zaka\u017ce\u0144 i chor\u00f3b zaka\u017anych. Wyk\u0142adowcami b\u0119d\u0105 wybitni polscy naukowcy z wiod\u0105cych o\u015brodk\u00f3w naukowych i reprezentuj\u0105cy r\u00f3\u017cne obszary medycyny zaka\u017ce\u0144. Jak zawsze planujemy sesj\u0119 plakatow\u0105 umo\u017cliwiaj\u0105c\u0105 poznanie nowych obszar\u00f3w bada\u0144 a tak\u017ce mo\u017cliwo\u015b\u0107 prezentacji wynik\u00f3w przez m\u0142odych adept\u00f3w medycyny zaka\u017ce\u0144. B\u0119dzie tak\u017ce mo\u017cliwo\u015b\u0107 zapoznania si\u0119 z szeroka ofert\u0105 firm farmaceutycznych i diagnostycznych prezentuj\u0105cych najnowsze osi\u0105gni\u0119cia i ofert\u0119 dla lekarzy, farmaceut\u00f3w i diagnost\u00f3w laboratoryjnych. Poza tym jak zawsze b\u0119dzie mo\u017cna dyskutowa\u0107 z najlepszymi specjalistami w dziedzinie medycyny zaka\u017ce\u0144 i zawrze\u0107 nowe oraz odnowi\u0107 stare kontakty zawodowe i kole\u017ce\u0144skie.<\/p>\n<p style=\"text-align: right;\">Prof. dr hab. med. Waleria Hryniewicz<br \/>\nPrzewodnicz\u0105ca Komitetu Organizacyjnego i Naukowego<\/p>\n","protected":false},"excerpt":{"rendered":"<p>Warszawa 8 sierpnia 2024 r. Szanowni Pa\u0144stwo, Drogie Kole\u017canki i Koledzy, Mamy przyjemno\u015b\u0107 ju\u017c po raz XXVII zaprosi\u0107 Pa\u0144stwa do wzi\u0119cia udzia\u0142u w Sympozjum Naukowym \u201e Post\u0119py w Medycynie Zaka\u017ce\u0144&#8221; kt\u00f3re odb\u0119dzie si\u0119 w dniach 6 &#8211; 7 grudnia 2024r. Sympozjum odb\u0119dzie si\u0119 w Warsaw Presidental Hotel (d. Mariott) Al. Jerozolimskie 65\/79. Serdecznie zapraszamy wszystkich &hellip; <a href=\"https:\/\/fundacjacmk.pl\/pmz2024\/\" class=\"more-link\">Czytaj dalej <span class=\"screen-reader-text\">Zaproszenie<\/span><\/a><\/p>\n","protected":false},"author":1,"featured_media":0,"parent":0,"menu_order":0,"comment_status":"closed","ping_status":"closed","template":"","meta":{"footnotes":""},"class_list":["post-34","page","type-page","status-publish","hentry"],"_links":{"self":[{"href":"https:\/\/fundacjacmk.pl\/pmz2024\/wp-json\/wp\/v2\/pages\/34","targetHints":{"allow":["GET"]}}],"collection":[{"href":"https:\/\/fundacjacmk.pl\/pmz2024\/wp-json\/wp\/v2\/pages"}],"about":[{"href":"https:\/\/fundacjacmk.pl\/pmz2024\/wp-json\/wp\/v2\/types\/page"}],"author":[{"embeddable":true,"href":"https:\/\/fundacjacmk.pl\/pmz2024\/wp-json\/wp\/v2\/users\/1"}],"replies":[{"embeddable":true,"href":"https:\/\/fundacjacmk.pl\/pmz2024\/wp-json\/wp\/v2\/comments?post=34"}],"version-history":[{"count":6,"href":"https:\/\/fundacjacmk.pl\/pmz2024\/wp-json\/wp\/v2\/pages\/34\/revisions"}],"predecessor-version":[{"id":77,"href":"https:\/\/fundacjacmk.pl\/pmz2024\/wp-json\/wp\/v2\/pages\/34\/revisions\/77"}],"wp:attachment":[{"href":"https:\/\/fundacjacmk.pl\/pmz2024\/wp-json\/wp\/v2\/media?parent=34"}],"curies":[{"name":"wp","href":"https:\/\/api.w.org\/{rel}","templated":true}]}}